{"id":1807,"date":"2022-09-26T10:26:20","date_gmt":"2022-09-26T10:26:20","guid":{"rendered":"https:\/\/konstruktion.vamtam.com\/?page_id=1807"},"modified":"2024-09-17T08:53:30","modified_gmt":"2024-09-17T06:53:30","slug":"contacto","status":"publish","type":"page","link":"https:\/\/arteintanks.com\/en\/contacto\/","title":{"rendered":"Contact"},"content":{"rendered":"<div data-elementor-type=\"wp-page\" data-elementor-id=\"1807\" class=\"elementor elementor-1807\" data-elementor-post-type=\"page\">\r\n\t\t\t\t\t\t<section class=\"elementor-section elementor-top-section elementor-element elementor-element-0972ad7 elementor-section-boxed elementor-section-height-default elementor-section-height-default\" data-id=\"0972ad7\" data-element_type=\"section\">\r\n\t\t\t\t\t\t<div class=\"elementor-container elementor-column-gap-no\">\r\n\t\t\t\t\t<div class=\"elementor-column elementor-col-100 elementor-top-column elementor-element elementor-element-0431278\" data-id=\"0431278\" data-element_type=\"column\">\r\n\t\t\t<div class=\"elementor-widget-wrap elementor-element-populated\">\r\n\t\t\t\t\t\t<div class=\"elementor-element elementor-element-3c20cb50 elementor-widget elementor-widget-text-editor\" data-id=\"3c20cb50\" data-element_type=\"widget\" data-widget_type=\"text-editor.default\">\r\n\t\t\t\t<div class=\"elementor-widget-container\">\r\n\t\t\t\t\t\t\t\t\t<h4>Contact <img decoding=\"async\" src=\"https:\/\/arteintanks.com\/wp-content\/uploads\/2024\/07\/linea-titulo-60.jpg\" alt=\"linea\" \/><\/h4>\t\t\t\t\t\t\t\t<\/div>\r\n\t\t\t\t<\/div>\r\n\t\t\t\t<div class=\"elementor-element elementor-element-112b29ed elementor-widget elementor-widget-heading\" data-id=\"112b29ed\" data-element_type=\"widget\" data-widget_type=\"heading.default\">\r\n\t\t\t\t<div class=\"elementor-widget-container\">\r\n\t\t\t\t\t<h1 class=\"elementor-heading-title elementor-size-default\">Contact us and find out how Artein can be your storage solution.<\/h1>\t\t\t\t<\/div>\r\n\t\t\t\t<\/div>\r\n\t\t\t\t\t<\/div>\r\n\t\t<\/div>\r\n\t\t\t\t\t<\/div>\r\n\t\t<\/section>\r\n\t\t\t\t<section class=\"elementor-section elementor-top-section elementor-element elementor-element-8a2d9cd elementor-section-boxed elementor-section-height-default elementor-section-height-default\" data-id=\"8a2d9cd\" data-element_type=\"section\">\r\n\t\t\t\t\t\t<div class=\"elementor-container elementor-column-gap-no\">\r\n\t\t\t\t\t<div class=\"elementor-column elementor-col-50 elementor-top-column elementor-element elementor-element-1087890\" data-id=\"1087890\" data-element_type=\"column\">\r\n\t\t\t<div class=\"elementor-widget-wrap elementor-element-populated\">\r\n\t\t\t\t\t\t<div class=\"elementor-element elementor-element-38f772a elementor-widget elementor-widget-heading\" data-id=\"38f772a\" data-element_type=\"widget\" data-widget_type=\"heading.default\">\r\n\t\t\t\t<div class=\"elementor-widget-container\">\r\n\t\t\t\t\t<h3 class=\"elementor-heading-title elementor-size-default\">\u00bfEn qu\u00e9 te podemos ayudar?<\/h3>\t\t\t\t<\/div>\r\n\t\t\t\t<\/div>\r\n\t\t\t\t<div class=\"vamtam-has-theme-widget-styles elementor-element elementor-element-55aa08a elementor-button-align-start vamtam-has-underline-anim elementor-widget elementor-widget-form\" data-id=\"55aa08a\" data-element_type=\"widget\" data-settings=\"{&quot;step_next_label&quot;:&quot;Next&quot;,&quot;step_previous_label&quot;:&quot;Previous&quot;,&quot;button_width&quot;:&quot;100&quot;,&quot;step_type&quot;:&quot;number_text&quot;,&quot;step_icon_shape&quot;:&quot;circle&quot;}\" data-widget_type=\"form.default\">\r\n\t\t\t\t<div class=\"elementor-widget-container\">\r\n\t\t\t\t\t\t\t<form class=\"elementor-form\" method=\"post\" name=\"New Form\" action=\"\">\r\n\t\t\t<input type=\"hidden\" name=\"post_id\" value=\"1807\"\/>\r\n\t\t\t<input type=\"hidden\" name=\"form_id\" value=\"55aa08a\"\/>\r\n\t\t\t<input type=\"hidden\" name=\"referer_title\" value=\"Artein\" \/>\r\n\r\n\t\t\t\r\n\t\t\t<div class=\"elementor-form-fields-wrapper elementor-labels-above\">\r\n\t\t\t\t\t\t\t\t<div class=\"elementor-field-type-text elementor-field-group elementor-column elementor-field-group-field_c9638cc elementor-col-50 elementor-field-required elementor-mark-required\">\r\n\t\t\t\t\t\t\t\t\t\t\t\t<label for=\"form-field-field_c9638cc\" class=\"elementor-field-label\">\r\n\t\t\t\t\t\t\t\tFirst name\t\t\t\t\t\t\t<\/label>\r\n\t\t\t\t\t\t\t\t\t\t\t\t\t\t<input size=\"1\" type=\"text\" name=\"form_fields[field_c9638cc]\" id=\"form-field-field_c9638cc\" class=\"elementor-field elementor-size-sm  elementor-field-textual\" placeholder=\"First name\" required=\"required\" aria-required=\"true\">\r\n\t\t\t\t\t\t\t\t\t\t\t<\/div>\r\n\t\t\t\t\t\t\t\t<div class=\"elementor-field-type-text elementor-field-group elementor-column elementor-field-group-field_3740667 elementor-col-50\">\r\n\t\t\t\t\t\t\t\t\t\t\t\t<label for=\"form-field-field_3740667\" class=\"elementor-field-label\">\r\n\t\t\t\t\t\t\t\tSurname\t\t\t\t\t\t\t<\/label>\r\n\t\t\t\t\t\t\t\t\t\t\t\t\t\t<input size=\"1\" type=\"text\" name=\"form_fields[field_3740667]\" id=\"form-field-field_3740667\" class=\"elementor-field elementor-size-sm  elementor-field-textual\" placeholder=\"Surname\">\r\n\t\t\t\t\t\t\t\t\t\t\t<\/div>\r\n\t\t\t\t\t\t\t\t<div class=\"elementor-field-type-email elementor-field-group elementor-column elementor-field-group-field_e32927a elementor-col-50 elementor-field-required elementor-mark-required\">\r\n\t\t\t\t\t\t\t\t\t\t\t\t<label for=\"form-field-field_e32927a\" class=\"elementor-field-label\">\r\n\t\t\t\t\t\t\t\tEmail\t\t\t\t\t\t\t<\/label>\r\n\t\t\t\t\t\t\t\t\t\t\t\t\t\t<input size=\"1\" type=\"email\" name=\"form_fields[field_e32927a]\" id=\"form-field-field_e32927a\" class=\"elementor-field elementor-size-sm  elementor-field-textual\" placeholder=\"Email\" required=\"required\" aria-required=\"true\">\r\n\t\t\t\t\t\t\t\t\t\t\t<\/div>\r\n\t\t\t\t\t\t\t\t<div class=\"elementor-field-type-tel elementor-field-group elementor-column elementor-field-group-field_cc050ff elementor-col-50\">\r\n\t\t\t\t\t\t\t\t\t\t\t\t<label for=\"form-field-field_cc050ff\" class=\"elementor-field-label\">\r\n\t\t\t\t\t\t\t\tTelephone\t\t\t\t\t\t\t<\/label>\r\n\t\t\t\t\t\t\t\t<input size=\"1\" type=\"tel\" name=\"form_fields[field_cc050ff]\" id=\"form-field-field_cc050ff\" class=\"elementor-field elementor-size-sm  elementor-field-textual\" placeholder=\"Telephone\" pattern=\"[0-9()#&amp;+*-=.]+\" title=\"Only numbers and phone characters (#, -, *, etc) are accepted.\">\r\n\r\n\t\t\t\t\t\t<\/div>\r\n\t\t\t\t\t\t\t\t<div class=\"elementor-field-type-text elementor-field-group elementor-column elementor-field-group-field_f89ab7f elementor-col-50\">\r\n\t\t\t\t\t\t\t\t\t\t\t\t<label for=\"form-field-field_f89ab7f\" class=\"elementor-field-label\">\r\n\t\t\t\t\t\t\t\tProvince\t\t\t\t\t\t\t<\/label>\r\n\t\t\t\t\t\t\t\t\t\t\t\t\t\t<input size=\"1\" type=\"text\" name=\"form_fields[field_f89ab7f]\" id=\"form-field-field_f89ab7f\" class=\"elementor-field elementor-size-sm  elementor-field-textual\" placeholder=\"Province\">\r\n\t\t\t\t\t\t\t\t\t\t\t<\/div>\r\n\t\t\t\t\t\t\t\t<div class=\"elementor-field-type-text elementor-field-group elementor-column elementor-field-group-field_4ff3e9e elementor-col-50\">\r\n\t\t\t\t\t\t\t\t\t\t\t\t<label for=\"form-field-field_4ff3e9e\" class=\"elementor-field-label\">\r\n\t\t\t\t\t\t\t\tSector\t\t\t\t\t\t\t<\/label>\r\n\t\t\t\t\t\t\t\t\t\t\t\t\t\t<input size=\"1\" type=\"text\" name=\"form_fields[field_4ff3e9e]\" id=\"form-field-field_4ff3e9e\" class=\"elementor-field elementor-size-sm  elementor-field-textual\" placeholder=\"Sector\">\r\n\t\t\t\t\t\t\t\t\t\t\t<\/div>\r\n\t\t\t\t\t\t\t\t<div class=\"elementor-field-type-textarea elementor-field-group elementor-column elementor-field-group-field_0c208c4 elementor-col-100\">\r\n\t\t\t\t\t\t\t\t\t\t\t\t<label for=\"form-field-field_0c208c4\" class=\"elementor-field-label\">\r\n\t\t\t\t\t\t\t\tComments\t\t\t\t\t\t\t<\/label>\r\n\t\t\t\t\t\t<textarea class=\"elementor-field-textual elementor-field  elementor-size-sm\" name=\"form_fields[field_0c208c4]\" id=\"form-field-field_0c208c4\" rows=\"3\"><\/textarea>\t\t\t\t<\/div>\r\n\t\t\t\t\t\t\t\t<div class=\"elementor-field-type-acceptance elementor-field-group elementor-column elementor-field-group-field_8002ab0 elementor-col-100 elementor-field-required elementor-mark-required\">\r\n\t\t\t\t\t\t\t<div class=\"elementor-field-subgroup\">\r\n\t\t\t<span class=\"elementor-field-option\">\r\n\t\t\t\t<input type=\"checkbox\" name=\"form_fields[field_8002ab0]\" id=\"form-field-field_8002ab0\" class=\"elementor-field elementor-size-sm  elementor-acceptance-field\" required=\"required\" aria-required=\"true\">\r\n\t\t\t\t<label for=\"form-field-field_8002ab0\">I have read and accept <a href=\"\/en\/politica-de-privacidad\/\" target=\"_blank\" rel=\"nofollow\">privacy policy<\/a>.<\/label>\t\t\t<\/span>\r\n\t\t<\/div>\r\n\t\t\t\t\t\t<\/div>\r\n\t\t\t\t\t\t\t\t<div class=\"elementor-field-type-recaptcha_v3 elementor-field-group elementor-column elementor-field-group-field_41c742b elementor-col-100 recaptcha_v3-bottomleft\">\r\n\t\t\t\t\t<div class=\"elementor-field\" id=\"form-field-field_41c742b\"><div class=\"elementor-g-recaptcha\" data-sitekey=\"6LfpSVoaAAAAAA_2Y8vlQ52TUPIV8_mmTX9QZm7u\" data-type=\"v3\" data-action=\"Form\" data-badge=\"bottomleft\" data-size=\"invisible\"><\/div><\/div>\t\t\t\t<\/div>\r\n\t\t\t\t\t\t\t\t<div class=\"elementor-field-group elementor-column elementor-field-type-submit elementor-col-100 e-form__buttons\">\r\n\t\t\t\t\t<button class=\"elementor-button elementor-size-sm\" type=\"submit\">\r\n\t\t\t\t\t\t<span class=\"elementor-button-content-wrapper\">\r\n\t\t\t\t\t\t\t\t\t\t\t\t\t\t\t\t\t\t\t\t\t\t<span class=\"elementor-button-text\">Send<\/span>\r\n\t\t\t\t\t\t\t\t\t\t\t\t\t<\/span>\r\n\t\t\t\t\t<\/button>\r\n\t\t\t\t<\/div>\r\n\t\t\t<\/div>\r\n\t\t<input type=\"hidden\" name=\"trp-form-language\" value=\"en\"\/><\/form>\r\n\t\t\t\t\t\t<\/div>\r\n\t\t\t\t<\/div>\r\n\t\t\t\t\t<\/div>\r\n\t\t<\/div>\r\n\t\t\t\t<div class=\"elementor-column elementor-col-50 elementor-top-column elementor-element elementor-element-33770a5\" data-id=\"33770a5\" data-element_type=\"column\">\r\n\t\t\t<div class=\"elementor-widget-wrap elementor-element-populated\">\r\n\t\t\t\t\t\t<div class=\"elementor-element elementor-element-a249c7e elementor-widget elementor-widget-heading\" data-id=\"a249c7e\" data-element_type=\"widget\" data-widget_type=\"heading.default\">\r\n\t\t\t\t<div class=\"elementor-widget-container\">\r\n\t\t\t\t\t<h3 class=\"elementor-heading-title elementor-size-default\">Offices<\/h3>\t\t\t\t<\/div>\r\n\t\t\t\t<\/div>\r\n\t\t\t\t<div class=\"elementor-element elementor-element-6caed05 elementor-widget elementor-widget-text-editor\" data-id=\"6caed05\" data-element_type=\"widget\" data-widget_type=\"text-editor.default\">\r\n\t\t\t\t<div class=\"elementor-widget-container\">\r\n\t\t\t\t\t\t\t\t\t<p>Address: Parque Tecnol\u00f3gico, Ronda Auguste y Louis Lumi\u00e8re, Nave 23<br \/>Postal code: 46980<br \/>City: Paterna, Valencia<\/p><p>Telephone: <a href=\"tel:+34960457899\">960 45 78 99<\/a><\/p><p>Email: <a href=\"mailto:ventas@arteintanks.com\">ventas@arteintanks.com<\/a><\/p>\t\t\t\t\t\t\t\t<\/div>\r\n\t\t\t\t<\/div>\r\n\t\t\t\t\t<\/div>\r\n\t\t<\/div>\r\n\t\t\t\t\t<\/div>\r\n\t\t<\/section>\r\n\t\t\t\t<\/div>","protected":false},"excerpt":{"rendered":"<p>Contacto Cont\u00e1ctanos y descubre c\u00f3mo Artein puede ser tu soluci\u00f3n de almacenamiento \u00bfEn qu\u00e9 te podemos ayudar? Oficina Direcci\u00f3n: Parque Tecnol\u00f3gico, Ronda Auguste y Louis Lumi\u00e8re, Nave 23C\u00f3digo postal: 46980Ciudad: Paterna, Valencia Tel\u00e9fono: 960 45 78 99 Correo: ventas@arteintanks.com<\/p>","protected":false},"author":1,"featured_media":0,"parent":0,"menu_order":0,"comment_status":"closed","ping_status":"closed","template":"","meta":{"_monsterinsights_skip_tracking":false,"_monsterinsights_sitenote_active":false,"_monsterinsights_sitenote_note":"","_monsterinsights_sitenote_category":0,"footnotes":""},"class_list":["post-1807","page","type-page","status-publish","hentry"],"yoast_head":"<!-- This site is optimized with the Yoast SEO plugin v25.3 - https:\/\/yoast.com\/wordpress\/plugins\/seo\/ -->\r\n<title>Contacto - Artein<\/title>\r\n<meta name=\"robots\" content=\"index, follow, max-snippet:-1, max-image-preview:large, max-video-preview:-1\" \/>\r\n<link rel=\"canonical\" href=\"https:\/\/arteintanks.com\/en\/contacto\/\" \/>\r\n<meta property=\"og:locale\" content=\"en_GB\" \/>\r\n<meta property=\"og:type\" content=\"article\" \/>\r\n<meta property=\"og:title\" content=\"Contacto - Artein\" \/>\r\n<meta property=\"og:description\" content=\"Contacto Cont\u00e1ctanos y descubre c\u00f3mo Artein puede ser tu soluci\u00f3n de almacenamiento \u00bfEn qu\u00e9 te podemos ayudar? Oficina Direcci\u00f3n: Parque Tecnol\u00f3gico, Ronda Auguste y Louis Lumi\u00e8re, Nave 23C\u00f3digo postal: 46980Ciudad: Paterna, Valencia Tel\u00e9fono: 960 45 78 99 Correo: ventas@arteintanks.com\" \/>\r\n<meta property=\"og:url\" content=\"https:\/\/arteintanks.com\/en\/contacto\/\" \/>\r\n<meta property=\"og:site_name\" content=\"Artein\" \/>\r\n<meta property=\"article:modified_time\" content=\"2024-09-17T06:53:30+00:00\" \/>\r\n<meta property=\"og:image\" content=\"https:\/\/arteintanks.com\/wp-content\/uploads\/2024\/07\/linea-titulo-60.jpg\" \/>\r\n<meta name=\"twitter:card\" content=\"summary_large_image\" \/>\r\n<meta name=\"twitter:label1\" content=\"Estimated reading time\" \/>\n\t<meta name=\"twitter:data1\" content=\"1 minute\" \/>\r\n<script type=\"application\/ld+json\" class=\"yoast-schema-graph\">{\"@context\":\"https:\/\/schema.org\",\"@graph\":[{\"@type\":\"WebPage\",\"@id\":\"https:\/\/arteintanks.com\/contacto\/\",\"url\":\"https:\/\/arteintanks.com\/contacto\/\",\"name\":\"Contacto - Artein\",\"isPartOf\":{\"@id\":\"https:\/\/arteintanks.com\/#website\"},\"primaryImageOfPage\":{\"@id\":\"https:\/\/arteintanks.com\/contacto\/#primaryimage\"},\"image\":{\"@id\":\"https:\/\/arteintanks.com\/contacto\/#primaryimage\"},\"thumbnailUrl\":\"https:\/\/arteintanks.com\/wp-content\/uploads\/2024\/07\/linea-titulo-60.jpg\",\"datePublished\":\"2022-09-26T10:26:20+00:00\",\"dateModified\":\"2024-09-17T06:53:30+00:00\",\"breadcrumb\":{\"@id\":\"https:\/\/arteintanks.com\/contacto\/#breadcrumb\"},\"inLanguage\":\"en-GB\",\"potentialAction\":[{\"@type\":\"ReadAction\",\"target\":[\"https:\/\/arteintanks.com\/contacto\/\"]}]},{\"@type\":\"ImageObject\",\"inLanguage\":\"en-GB\",\"@id\":\"https:\/\/arteintanks.com\/contacto\/#primaryimage\",\"url\":\"https:\/\/arteintanks.com\/wp-content\/uploads\/2024\/07\/linea-titulo-60.jpg\",\"contentUrl\":\"https:\/\/arteintanks.com\/wp-content\/uploads\/2024\/07\/linea-titulo-60.jpg\"},{\"@type\":\"BreadcrumbList\",\"@id\":\"https:\/\/arteintanks.com\/contacto\/#breadcrumb\",\"itemListElement\":[{\"@type\":\"ListItem\",\"position\":1,\"name\":\"Portada\",\"item\":\"https:\/\/arteintanks.com\/\"},{\"@type\":\"ListItem\",\"position\":2,\"name\":\"Contacto\"}]},{\"@type\":\"WebSite\",\"@id\":\"https:\/\/arteintanks.com\/#website\",\"url\":\"https:\/\/arteintanks.com\/\",\"name\":\"Artein\",\"description\":\"\",\"publisher\":{\"@id\":\"https:\/\/arteintanks.com\/#organization\"},\"potentialAction\":[{\"@type\":\"SearchAction\",\"target\":{\"@type\":\"EntryPoint\",\"urlTemplate\":\"https:\/\/arteintanks.com\/?s={search_term_string}\"},\"query-input\":{\"@type\":\"PropertyValueSpecification\",\"valueRequired\":true,\"valueName\":\"search_term_string\"}}],\"inLanguage\":\"en-GB\"},{\"@type\":\"Organization\",\"@id\":\"https:\/\/arteintanks.com\/#organization\",\"name\":\"Artein\",\"url\":\"https:\/\/arteintanks.com\/\",\"logo\":{\"@type\":\"ImageObject\",\"inLanguage\":\"en-GB\",\"@id\":\"https:\/\/arteintanks.com\/#\/schema\/logo\/image\/\",\"url\":\"https:\/\/arteintanks.com\/wp-content\/uploads\/2022\/09\/logo-web.png\",\"contentUrl\":\"https:\/\/arteintanks.com\/wp-content\/uploads\/2022\/09\/logo-web.png\",\"width\":2806,\"height\":727,\"caption\":\"Artein\"},\"image\":{\"@id\":\"https:\/\/arteintanks.com\/#\/schema\/logo\/image\/\"}}]}<\/script>\r\n<!-- \/ Yoast SEO plugin. -->","yoast_head_json":{"title":"Contacto - Artein","robots":{"index":"index","follow":"follow","max-snippet":"max-snippet:-1","max-image-preview":"max-image-preview:large","max-video-preview":"max-video-preview:-1"},"canonical":"https:\/\/arteintanks.com\/en\/contacto\/","og_locale":"en_GB","og_type":"article","og_title":"Contacto - Artein","og_description":"Contacto Cont\u00e1ctanos y descubre c\u00f3mo Artein puede ser tu soluci\u00f3n de almacenamiento \u00bfEn qu\u00e9 te podemos ayudar? Oficina Direcci\u00f3n: Parque Tecnol\u00f3gico, Ronda Auguste y Louis Lumi\u00e8re, Nave 23C\u00f3digo postal: 46980Ciudad: Paterna, Valencia Tel\u00e9fono: 960 45 78 99 Correo: ventas@arteintanks.com","og_url":"https:\/\/arteintanks.com\/en\/contacto\/","og_site_name":"Artein","article_modified_time":"2024-09-17T06:53:30+00:00","og_image":[{"url":"https:\/\/arteintanks.com\/wp-content\/uploads\/2024\/07\/linea-titulo-60.jpg","type":"","width":"","height":""}],"twitter_card":"summary_large_image","twitter_misc":{"Estimated reading time":"1 minute"},"schema":{"@context":"https:\/\/schema.org","@graph":[{"@type":"WebPage","@id":"https:\/\/arteintanks.com\/contacto\/","url":"https:\/\/arteintanks.com\/contacto\/","name":"Contacto - Artein","isPartOf":{"@id":"https:\/\/arteintanks.com\/#website"},"primaryImageOfPage":{"@id":"https:\/\/arteintanks.com\/contacto\/#primaryimage"},"image":{"@id":"https:\/\/arteintanks.com\/contacto\/#primaryimage"},"thumbnailUrl":"https:\/\/arteintanks.com\/wp-content\/uploads\/2024\/07\/linea-titulo-60.jpg","datePublished":"2022-09-26T10:26:20+00:00","dateModified":"2024-09-17T06:53:30+00:00","breadcrumb":{"@id":"https:\/\/arteintanks.com\/contacto\/#breadcrumb"},"inLanguage":"en-GB","potentialAction":[{"@type":"ReadAction","target":["https:\/\/arteintanks.com\/contacto\/"]}]},{"@type":"ImageObject","inLanguage":"en-GB","@id":"https:\/\/arteintanks.com\/contacto\/#primaryimage","url":"https:\/\/arteintanks.com\/wp-content\/uploads\/2024\/07\/linea-titulo-60.jpg","contentUrl":"https:\/\/arteintanks.com\/wp-content\/uploads\/2024\/07\/linea-titulo-60.jpg"},{"@type":"BreadcrumbList","@id":"https:\/\/arteintanks.com\/contacto\/#breadcrumb","itemListElement":[{"@type":"ListItem","position":1,"name":"Portada","item":"https:\/\/arteintanks.com\/"},{"@type":"ListItem","position":2,"name":"Contacto"}]},{"@type":"WebSite","@id":"https:\/\/arteintanks.com\/#website","url":"https:\/\/arteintanks.com\/","name":"Artein","description":"","publisher":{"@id":"https:\/\/arteintanks.com\/#organization"},"potentialAction":[{"@type":"SearchAction","target":{"@type":"EntryPoint","urlTemplate":"https:\/\/arteintanks.com\/?s={search_term_string}"},"query-input":{"@type":"PropertyValueSpecification","valueRequired":true,"valueName":"search_term_string"}}],"inLanguage":"en-GB"},{"@type":"Organization","@id":"https:\/\/arteintanks.com\/#organization","name":"Artein","url":"https:\/\/arteintanks.com\/","logo":{"@type":"ImageObject","inLanguage":"en-GB","@id":"https:\/\/arteintanks.com\/#\/schema\/logo\/image\/","url":"https:\/\/arteintanks.com\/wp-content\/uploads\/2022\/09\/logo-web.png","contentUrl":"https:\/\/arteintanks.com\/wp-content\/uploads\/2022\/09\/logo-web.png","width":2806,"height":727,"caption":"Artein"},"image":{"@id":"https:\/\/arteintanks.com\/#\/schema\/logo\/image\/"}}]}},"_links":{"self":[{"href":"https:\/\/arteintanks.com\/en\/wp-json\/wp\/v2\/pages\/1807","targetHints":{"allow":["GET"]}}],"collection":[{"href":"https:\/\/arteintanks.com\/en\/wp-json\/wp\/v2\/pages"}],"about":[{"href":"https:\/\/arteintanks.com\/en\/wp-json\/wp\/v2\/types\/page"}],"author":[{"embeddable":true,"href":"https:\/\/arteintanks.com\/en\/wp-json\/wp\/v2\/users\/1"}],"replies":[{"embeddable":true,"href":"https:\/\/arteintanks.com\/en\/wp-json\/wp\/v2\/comments?post=1807"}],"version-history":[{"count":49,"href":"https:\/\/arteintanks.com\/en\/wp-json\/wp\/v2\/pages\/1807\/revisions"}],"predecessor-version":[{"id":988916,"href":"https:\/\/arteintanks.com\/en\/wp-json\/wp\/v2\/pages\/1807\/revisions\/988916"}],"wp:attachment":[{"href":"https:\/\/arteintanks.com\/en\/wp-json\/wp\/v2\/media?parent=1807"}],"curies":[{"name":"wp","href":"https:\/\/api.w.org\/{rel}","templated":true}]}}