{"id":1832,"date":"2022-09-26T11:47:39","date_gmt":"2022-09-26T11:47:39","guid":{"rendered":"https:\/\/konstruktion.vamtam.com\/?page_id=1832"},"modified":"2024-12-18T10:28:52","modified_gmt":"2024-12-18T09:28:52","slug":"blog","status":"publish","type":"page","link":"https:\/\/arteintanks.com\/en\/blog\/","title":{"rendered":"Blog"},"content":{"rendered":"<div data-elementor-type=\"wp-page\" data-elementor-id=\"1832\" class=\"elementor elementor-1832\" data-elementor-post-type=\"page\">\r\n\t\t\t\t\t\t<section class=\"elementor-section elementor-top-section elementor-element elementor-element-c86b76d elementor-section-boxed elementor-section-height-default elementor-section-height-default\" data-id=\"c86b76d\" data-element_type=\"section\">\r\n\t\t\t\t\t\t<div class=\"elementor-container elementor-column-gap-no\">\r\n\t\t\t\t\t<div class=\"elementor-column elementor-col-50 elementor-top-column elementor-element elementor-element-4d5bc22f\" data-id=\"4d5bc22f\" data-element_type=\"column\">\r\n\t\t\t<div class=\"elementor-widget-wrap elementor-element-populated\">\r\n\t\t\t\t\t\t<div class=\"elementor-element elementor-element-2300139b elementor-widget elementor-widget-text-editor\" data-id=\"2300139b\" data-element_type=\"widget\" data-widget_type=\"text-editor.default\">\r\n\t\t\t\t<div class=\"elementor-widget-container\">\r\n\t\t\t\t\t\t\t\t\t<h4>Artein <img decoding=\"async\" src=\"https:\/\/arteintanks.com\/wp-content\/uploads\/2024\/07\/linea-titulo-60.jpg\" alt=\"linea\" \/><\/h4>\t\t\t\t\t\t\t\t<\/div>\r\n\t\t\t\t<\/div>\r\n\t\t\t\t\t<\/div>\r\n\t\t<\/div>\r\n\t\t\t\t<div class=\"elementor-column elementor-col-50 elementor-top-column elementor-element elementor-element-38188492\" data-id=\"38188492\" data-element_type=\"column\">\r\n\t\t\t<div class=\"elementor-widget-wrap\">\r\n\t\t\t\t\t\t\t<\/div>\r\n\t\t<\/div>\r\n\t\t\t\t\t<\/div>\r\n\t\t<\/section>\r\n\t\t\t\t<section class=\"elementor-section elementor-top-section elementor-element elementor-element-0a8470e elementor-hidden-mobile elementor-section-boxed elementor-section-height-default elementor-section-height-default\" data-id=\"0a8470e\" data-element_type=\"section\">\r\n\t\t\t\t\t\t<div class=\"elementor-container elementor-column-gap-no\">\r\n\t\t\t\t\t<div class=\"elementor-column elementor-col-100 elementor-top-column elementor-element elementor-element-37ae6e4\" data-id=\"37ae6e4\" data-element_type=\"column\">\r\n\t\t\t<div class=\"elementor-widget-wrap elementor-element-populated\">\r\n\t\t\t\t\t\t<div class=\"vamtam-has-theme-widget-styles elementor-element elementor-element-92b422b elementor-grid-1 elementor-posts--thumbnail-right elementor-grid-tablet-1 elementor-grid-mobile-1 vamtam-has-title-underline-anim elementor-widget elementor-widget-posts\" data-id=\"92b422b\" data-element_type=\"widget\" data-settings=\"{&quot;vamtam_classic_columns&quot;:&quot;1&quot;,&quot;vamtam_classic_row_gap&quot;:{&quot;unit&quot;:&quot;px&quot;,&quot;size&quot;:0,&quot;sizes&quot;:[]},&quot;vamtam_classic_columns_tablet&quot;:&quot;1&quot;,&quot;vamtam_classic_columns_mobile&quot;:&quot;1&quot;,&quot;vamtam_classic_row_gap_tablet&quot;:{&quot;unit&quot;:&quot;px&quot;,&quot;size&quot;:&quot;&quot;,&quot;sizes&quot;:[]},&quot;vamtam_classic_row_gap_mobile&quot;:{&quot;unit&quot;:&quot;px&quot;,&quot;size&quot;:&quot;&quot;,&quot;sizes&quot;:[]}}\" data-widget_type=\"posts.vamtam_classic\">\r\n\t\t\t\t<div class=\"elementor-widget-container\">\r\n\t\t\t\t\t\t\t<div class=\"elementor-posts-container elementor-posts elementor-posts--skin-vamtam_classic elementor-grid\">\r\n\t\t\t\t<article class=\"elementor-post elementor-grid-item post-988952 post type-post status-publish format-standard has-post-thumbnail hentry category-blog\">\r\n\t\t\t\t<a class=\"elementor-post__thumbnail__link\" href=\"https:\/\/arteintanks.com\/en\/feliz-navidad-y-prospero-ano-nuevo\/\" tabindex=\"-1\" >\r\n\t\t\t<div class=\"elementor-post__thumbnail\"><img fetchpriority=\"high\" decoding=\"async\" width=\"1080\" height=\"1080\" src=\"https:\/\/arteintanks.com\/wp-content\/uploads\/2024\/12\/05-TANQUES-2.png\" class=\"attachment-full size-full wp-image-988957\" alt=\"\" srcset=\"https:\/\/arteintanks.com\/wp-content\/uploads\/2024\/12\/05-TANQUES-2.png 1080w, https:\/\/arteintanks.com\/wp-content\/uploads\/2024\/12\/05-TANQUES-2-300x300.png 300w, https:\/\/arteintanks.com\/wp-content\/uploads\/2024\/12\/05-TANQUES-2-1024x1024.png 1024w, https:\/\/arteintanks.com\/wp-content\/uploads\/2024\/12\/05-TANQUES-2-150x150.png 150w, https:\/\/arteintanks.com\/wp-content\/uploads\/2024\/12\/05-TANQUES-2-768x768.png 768w, https:\/\/arteintanks.com\/wp-content\/uploads\/2024\/12\/05-TANQUES-2-12x12.png 12w\" sizes=\"(max-width: 1080px) 100vw, 1080px\" \/><\/div>\r\n\t\t<\/a>\r\n\t\t\t\t<div class=\"elementor-post__text\">\r\n\t\t\t\t<h3 class=\"elementor-post__title\">\r\n\t\t\t<a href=\"https:\/\/arteintanks.com\/en\/feliz-navidad-y-prospero-ano-nuevo\/\" >\r\n\t\t\t\tFELIZ NAVIDAD Y PR\u00d3SPERO A\u00d1O NUEVO\t\t\t<\/a>\r\n\t\t<\/h3>\r\n\t\t\t\t<div class=\"elementor-post__excerpt\">\r\n\t\t\t<p>FELIZ NAVIDAD Y PR\u00d3SPERO A\u00d1O NUEVO En ARTEIN Grupo, nos gustar\u00eda tomar un momento para agradecer a todos nuestros clientes, colaboradores y equipos por su<\/p>\n\t\t<\/div>\r\n\t\t\t\t<\/div>\r\n\t\t\t\t<\/article>\r\n\t\t\t\t<\/div>\r\n\t\t\r\n\t\t\t\t\t\t<\/div>\r\n\t\t\t\t<\/div>\r\n\t\t\t\t\t<\/div>\r\n\t\t<\/div>\r\n\t\t\t\t\t<\/div>\r\n\t\t<\/section>\r\n\t\t\t\t<section class=\"elementor-section elementor-top-section elementor-element elementor-element-30198cd elementor-hidden-desktop elementor-hidden-tablet elementor-section-boxed elementor-section-height-default elementor-section-height-default\" data-id=\"30198cd\" data-element_type=\"section\">\r\n\t\t\t\t\t\t<div class=\"elementor-container elementor-column-gap-no\">\r\n\t\t\t\t\t<div class=\"elementor-column elementor-col-100 elementor-top-column elementor-element elementor-element-32903ae\" data-id=\"32903ae\" data-element_type=\"column\">\r\n\t\t\t<div class=\"elementor-widget-wrap elementor-element-populated\">\r\n\t\t\t\t\t\t<div class=\"vamtam-has-theme-widget-styles elementor-element elementor-element-b4548f6 elementor-grid-1 elementor-grid-tablet-1 elementor-grid-mobile-1 elementor-posts--thumbnail-top vamtam-has-title-underline-anim vamtam-has-read-more-theme-style elementor-widget elementor-widget-posts\" data-id=\"b4548f6\" data-element_type=\"widget\" data-settings=\"{&quot;vamtam_classic_columns&quot;:&quot;1&quot;,&quot;vamtam_classic_row_gap&quot;:{&quot;unit&quot;:&quot;px&quot;,&quot;size&quot;:0,&quot;sizes&quot;:[]},&quot;vamtam_classic_columns_tablet&quot;:&quot;1&quot;,&quot;vamtam_classic_columns_mobile&quot;:&quot;1&quot;,&quot;vamtam_classic_row_gap_tablet&quot;:{&quot;unit&quot;:&quot;px&quot;,&quot;size&quot;:&quot;&quot;,&quot;sizes&quot;:[]},&quot;vamtam_classic_row_gap_mobile&quot;:{&quot;unit&quot;:&quot;px&quot;,&quot;size&quot;:&quot;&quot;,&quot;sizes&quot;:[]}}\" data-widget_type=\"posts.vamtam_classic\">\r\n\t\t\t\t<div class=\"elementor-widget-container\">\r\n\t\t\t\t\t\t\t<div class=\"elementor-posts-container elementor-posts elementor-posts--skin-vamtam_classic elementor-grid\">\r\n\t\t\t\t<article class=\"elementor-post elementor-grid-item post-988952 post type-post status-publish format-standard has-post-thumbnail hentry category-blog\">\r\n\t\t\t\t<a class=\"elementor-post__thumbnail__link\" href=\"https:\/\/arteintanks.com\/en\/feliz-navidad-y-prospero-ano-nuevo\/\" tabindex=\"-1\" >\r\n\t\t\t<div class=\"elementor-post__thumbnail\"><img fetchpriority=\"high\" decoding=\"async\" width=\"1080\" height=\"1080\" src=\"https:\/\/arteintanks.com\/wp-content\/uploads\/2024\/12\/05-TANQUES-2.png\" class=\"attachment-full size-full wp-image-988957\" alt=\"\" srcset=\"https:\/\/arteintanks.com\/wp-content\/uploads\/2024\/12\/05-TANQUES-2.png 1080w, https:\/\/arteintanks.com\/wp-content\/uploads\/2024\/12\/05-TANQUES-2-300x300.png 300w, https:\/\/arteintanks.com\/wp-content\/uploads\/2024\/12\/05-TANQUES-2-1024x1024.png 1024w, https:\/\/arteintanks.com\/wp-content\/uploads\/2024\/12\/05-TANQUES-2-150x150.png 150w, https:\/\/arteintanks.com\/wp-content\/uploads\/2024\/12\/05-TANQUES-2-768x768.png 768w, https:\/\/arteintanks.com\/wp-content\/uploads\/2024\/12\/05-TANQUES-2-12x12.png 12w\" sizes=\"(max-width: 1080px) 100vw, 1080px\" \/><\/div>\r\n\t\t<\/a>\r\n\t\t\t\t<div class=\"elementor-post__text\">\r\n\t\t\t\t<h3 class=\"elementor-post__title\">\r\n\t\t\t<a href=\"https:\/\/arteintanks.com\/en\/feliz-navidad-y-prospero-ano-nuevo\/\" >\r\n\t\t\t\tFELIZ NAVIDAD Y PR\u00d3SPERO A\u00d1O NUEVO\t\t\t<\/a>\r\n\t\t<\/h3>\r\n\t\t\t\t<div class=\"elementor-post__excerpt\">\r\n\t\t\t<p>FELIZ NAVIDAD Y PR\u00d3SPERO A\u00d1O NUEVO En ARTEIN Grupo, nos gustar\u00eda tomar un momento para agradecer a todos nuestros clientes, colaboradores y equipos por su<\/p>\n\t\t<\/div>\r\n\t\t\t\t<\/div>\r\n\t\t\t\t<\/article>\r\n\t\t\t\t<\/div>\r\n\t\t\r\n\t\t\t\t\t\t<\/div>\r\n\t\t\t\t<\/div>\r\n\t\t\t\t\t<\/div>\r\n\t\t<\/div>\r\n\t\t\t\t\t<\/div>\r\n\t\t<\/section>\r\n\t\t\t\t<section class=\"elementor-section elementor-top-section elementor-element elementor-element-21cbecd elementor-section-boxed elementor-section-height-default elementor-section-height-default\" data-id=\"21cbecd\" data-element_type=\"section\">\r\n\t\t\t\t\t\t<div class=\"elementor-container elementor-column-gap-no\">\r\n\t\t\t\t\t<div class=\"elementor-column elementor-col-100 elementor-top-column elementor-element elementor-element-d64f8a4\" data-id=\"d64f8a4\" data-element_type=\"column\">\r\n\t\t\t<div class=\"elementor-widget-wrap elementor-element-populated\">\r\n\t\t\t\t\t\t<div class=\"vamtam-has-theme-widget-styles elementor-element elementor-element-197499d elementor-grid-tablet-3 elementor-grid-3 elementor-grid-mobile-1 elementor-posts--thumbnail-top vamtam-has-title-underline-anim vamtam-has-read-more-theme-style load-more-align-center elementor-widget elementor-widget-posts\" data-id=\"197499d\" data-element_type=\"widget\" data-settings=\"{&quot;vamtam_classic_columns_tablet&quot;:&quot;3&quot;,&quot;vamtam_classic_row_gap&quot;:{&quot;unit&quot;:&quot;px&quot;,&quot;size&quot;:80,&quot;sizes&quot;:[]},&quot;vamtam_classic_row_gap_tablet&quot;:{&quot;unit&quot;:&quot;px&quot;,&quot;size&quot;:30,&quot;sizes&quot;:[]},&quot;vamtam_classic_row_gap_mobile&quot;:{&quot;unit&quot;:&quot;px&quot;,&quot;size&quot;:35,&quot;sizes&quot;:[]},&quot;pagination_type&quot;:&quot;load_more_on_click&quot;,&quot;vamtam_classic_columns&quot;:&quot;3&quot;,&quot;vamtam_classic_columns_mobile&quot;:&quot;1&quot;,&quot;load_more_spinner&quot;:{&quot;value&quot;:&quot;fas fa-spinner&quot;,&quot;library&quot;:&quot;fa-solid&quot;}}\" data-widget_type=\"posts.vamtam_classic\">\r\n\t\t\t\t<div class=\"elementor-widget-container\">\r\n\t\t\t\t\t\t\t<div class=\"elementor-posts-container elementor-posts elementor-posts--skin-vamtam_classic elementor-grid\">\r\n\t\t\t\t<article class=\"elementor-post elementor-grid-item post-988922 post type-post status-publish format-standard has-post-thumbnail hentry category-blog\">\r\n\t\t\t\t<a class=\"elementor-post__thumbnail__link\" href=\"https:\/\/arteintanks.com\/en\/las-cargas-hidrostaticas-en-un-tanque\/\" tabindex=\"-1\" >\r\n\t\t\t<div class=\"elementor-post__thumbnail\"><img decoding=\"async\" width=\"1600\" height=\"1200\" src=\"https:\/\/arteintanks.com\/wp-content\/uploads\/2024\/11\/WhatsApp-Image-2024-02-26-at-18.48.31.jpeg\" class=\"attachment-full size-full wp-image-988925\" alt=\"\" srcset=\"https:\/\/arteintanks.com\/wp-content\/uploads\/2024\/11\/WhatsApp-Image-2024-02-26-at-18.48.31.jpeg 1600w, https:\/\/arteintanks.com\/wp-content\/uploads\/2024\/11\/WhatsApp-Image-2024-02-26-at-18.48.31-300x225.jpeg 300w, https:\/\/arteintanks.com\/wp-content\/uploads\/2024\/11\/WhatsApp-Image-2024-02-26-at-18.48.31-1024x768.jpeg 1024w, https:\/\/arteintanks.com\/wp-content\/uploads\/2024\/11\/WhatsApp-Image-2024-02-26-at-18.48.31-768x576.jpeg 768w, https:\/\/arteintanks.com\/wp-content\/uploads\/2024\/11\/WhatsApp-Image-2024-02-26-at-18.48.31-1536x1152.jpeg 1536w, https:\/\/arteintanks.com\/wp-content\/uploads\/2024\/11\/WhatsApp-Image-2024-02-26-at-18.48.31-16x12.jpeg 16w\" sizes=\"(max-width: 1600px) 100vw, 1600px\" \/><\/div>\r\n\t\t<\/a>\r\n\t\t\t\t\t<div class=\"elementor-post__meta-data\">\r\n\t\t\t\t\t\t\t<div class=\"vamtam-post__categories\">\r\n\t\t\t\t<a href=\"https:\/\/arteintanks.com\/en\/category\/blog\/\" rel=\"category tag\">Blog<\/a>\t\t\t<\/div>\r\n\t\t\t\t\t\t<\/div>\r\n\t\t\t\t\t<div class=\"elementor-post__text\">\r\n\t\t\t\t<h3 class=\"elementor-post__title\">\r\n\t\t\t<a href=\"https:\/\/arteintanks.com\/en\/las-cargas-hidrostaticas-en-un-tanque\/\" >\r\n\t\t\t\tLAS CARGAS HIDROST\u00c1TICAS EN UN TANQUE\t\t\t<\/a>\r\n\t\t<\/h3>\r\n\t\t\t\t<\/div>\r\n\t\t\t\t<\/article>\r\n\t\t\t\t<article class=\"elementor-post elementor-grid-item post-988841 post type-post status-publish format-standard has-post-thumbnail hentry category-blog\">\r\n\t\t\t\t<a class=\"elementor-post__thumbnail__link\" href=\"https:\/\/arteintanks.com\/en\/artein-grupo-en-el-salon-del-gas-renovable\/\" tabindex=\"-1\" >\r\n\t\t\t<div class=\"elementor-post__thumbnail\"><img decoding=\"async\" width=\"2560\" height=\"2560\" src=\"https:\/\/arteintanks.com\/wp-content\/uploads\/2024\/09\/cuadrada-redes-scaled.jpg\" class=\"attachment-full size-full wp-image-988844\" alt=\"\" srcset=\"https:\/\/arteintanks.com\/wp-content\/uploads\/2024\/09\/cuadrada-redes-scaled.jpg 2560w, https:\/\/arteintanks.com\/wp-content\/uploads\/2024\/09\/cuadrada-redes-300x300.jpg 300w, https:\/\/arteintanks.com\/wp-content\/uploads\/2024\/09\/cuadrada-redes-1024x1024.jpg 1024w, https:\/\/arteintanks.com\/wp-content\/uploads\/2024\/09\/cuadrada-redes-150x150.jpg 150w, https:\/\/arteintanks.com\/wp-content\/uploads\/2024\/09\/cuadrada-redes-768x768.jpg 768w, https:\/\/arteintanks.com\/wp-content\/uploads\/2024\/09\/cuadrada-redes-1536x1536.jpg 1536w, https:\/\/arteintanks.com\/wp-content\/uploads\/2024\/09\/cuadrada-redes-2048x2048.jpg 2048w, https:\/\/arteintanks.com\/wp-content\/uploads\/2024\/09\/cuadrada-redes-12x12.jpg 12w\" sizes=\"(max-width: 2560px) 100vw, 2560px\" \/><\/div>\r\n\t\t<\/a>\r\n\t\t\t\t\t<div class=\"elementor-post__meta-data\">\r\n\t\t\t\t\t\t\t<div class=\"vamtam-post__categories\">\r\n\t\t\t\t<a href=\"https:\/\/arteintanks.com\/en\/category\/blog\/\" rel=\"category tag\">Blog<\/a>\t\t\t<\/div>\r\n\t\t\t\t\t\t<\/div>\r\n\t\t\t\t\t<div class=\"elementor-post__text\">\r\n\t\t\t\t<h3 class=\"elementor-post__title\">\r\n\t\t\t<a href=\"https:\/\/arteintanks.com\/en\/artein-grupo-en-el-salon-del-gas-renovable\/\" >\r\n\t\t\t\tARTEIN Grupo en el Sal\u00f3n del Gas Renovable\t\t\t<\/a>\r\n\t\t<\/h3>\r\n\t\t\t\t<\/div>\r\n\t\t\t\t<\/article>\r\n\t\t\t\t<\/div>\r\n\t\t\t\t\t<span class=\"e-load-more-spinner\">\r\n\t\t\t\t<i aria-hidden=\"true\" class=\"fas fa-spinner\"><\/i>\t\t\t<\/span>\r\n\t\t\r\n\t\t\t\t\t\t<\/div>\r\n\t\t\t\t<\/div>\r\n\t\t\t\t\t<\/div>\r\n\t\t<\/div>\r\n\t\t\t\t\t<\/div>\r\n\t\t<\/section>\r\n\t\t\t\t<\/div>","protected":false},"excerpt":{"rendered":"<p>Artein<\/p>","protected":false},"author":1,"featured_media":0,"parent":0,"menu_order":0,"comment_status":"closed","ping_status":"closed","template":"","meta":{"_monsterinsights_skip_tracking":false,"_monsterinsights_sitenote_active":false,"_monsterinsights_sitenote_note":"","_monsterinsights_sitenote_category":0,"footnotes":""},"class_list":["post-1832","page","type-page","status-publish","hentry"],"yoast_head":"<!-- This site is optimized with the Yoast SEO plugin v25.3 - https:\/\/yoast.com\/wordpress\/plugins\/seo\/ -->\r\n<title>Blog - Artein<\/title>\r\n<meta name=\"robots\" content=\"index, follow, max-snippet:-1, max-image-preview:large, max-video-preview:-1\" \/>\r\n<link rel=\"canonical\" href=\"https:\/\/arteintanks.com\/en\/blog\/\" \/>\r\n<meta property=\"og:locale\" content=\"en_GB\" \/>\r\n<meta property=\"og:type\" content=\"article\" \/>\r\n<meta property=\"og:title\" content=\"Blog - Artein\" \/>\r\n<meta property=\"og:description\" content=\"Artein\" \/>\r\n<meta property=\"og:url\" content=\"https:\/\/arteintanks.com\/en\/blog\/\" \/>\r\n<meta property=\"og:site_name\" content=\"Artein\" \/>\r\n<meta property=\"article:modified_time\" content=\"2024-12-18T09:28:52+00:00\" \/>\r\n<meta property=\"og:image\" content=\"https:\/\/arteintanks.com\/wp-content\/uploads\/2024\/07\/linea-titulo-60.jpg\" \/>\r\n<meta name=\"twitter:card\" content=\"summary_large_image\" \/>\r\n<meta name=\"twitter:label1\" content=\"Estimated reading time\" \/>\n\t<meta name=\"twitter:data1\" content=\"3 minutes\" \/>\r\n<script type=\"application\/ld+json\" class=\"yoast-schema-graph\">{\"@context\":\"https:\/\/schema.org\",\"@graph\":[{\"@type\":\"WebPage\",\"@id\":\"https:\/\/arteintanks.com\/blog\/\",\"url\":\"https:\/\/arteintanks.com\/blog\/\",\"name\":\"Blog - Artein\",\"isPartOf\":{\"@id\":\"https:\/\/arteintanks.com\/#website\"},\"primaryImageOfPage\":{\"@id\":\"https:\/\/arteintanks.com\/blog\/#primaryimage\"},\"image\":{\"@id\":\"https:\/\/arteintanks.com\/blog\/#primaryimage\"},\"thumbnailUrl\":\"https:\/\/arteintanks.com\/wp-content\/uploads\/2024\/07\/linea-titulo-60.jpg\",\"datePublished\":\"2022-09-26T11:47:39+00:00\",\"dateModified\":\"2024-12-18T09:28:52+00:00\",\"breadcrumb\":{\"@id\":\"https:\/\/arteintanks.com\/blog\/#breadcrumb\"},\"inLanguage\":\"en-GB\",\"potentialAction\":[{\"@type\":\"ReadAction\",\"target\":[\"https:\/\/arteintanks.com\/blog\/\"]}]},{\"@type\":\"ImageObject\",\"inLanguage\":\"en-GB\",\"@id\":\"https:\/\/arteintanks.com\/blog\/#primaryimage\",\"url\":\"https:\/\/arteintanks.com\/wp-content\/uploads\/2024\/07\/linea-titulo-60.jpg\",\"contentUrl\":\"https:\/\/arteintanks.com\/wp-content\/uploads\/2024\/07\/linea-titulo-60.jpg\"},{\"@type\":\"BreadcrumbList\",\"@id\":\"https:\/\/arteintanks.com\/blog\/#breadcrumb\",\"itemListElement\":[{\"@type\":\"ListItem\",\"position\":1,\"name\":\"Portada\",\"item\":\"https:\/\/arteintanks.com\/\"},{\"@type\":\"ListItem\",\"position\":2,\"name\":\"Blog\"}]},{\"@type\":\"WebSite\",\"@id\":\"https:\/\/arteintanks.com\/#website\",\"url\":\"https:\/\/arteintanks.com\/\",\"name\":\"Artein\",\"description\":\"\",\"publisher\":{\"@id\":\"https:\/\/arteintanks.com\/#organization\"},\"potentialAction\":[{\"@type\":\"SearchAction\",\"target\":{\"@type\":\"EntryPoint\",\"urlTemplate\":\"https:\/\/arteintanks.com\/?s={search_term_string}\"},\"query-input\":{\"@type\":\"PropertyValueSpecification\",\"valueRequired\":true,\"valueName\":\"search_term_string\"}}],\"inLanguage\":\"en-GB\"},{\"@type\":\"Organization\",\"@id\":\"https:\/\/arteintanks.com\/#organization\",\"name\":\"Artein\",\"url\":\"https:\/\/arteintanks.com\/\",\"logo\":{\"@type\":\"ImageObject\",\"inLanguage\":\"en-GB\",\"@id\":\"https:\/\/arteintanks.com\/#\/schema\/logo\/image\/\",\"url\":\"https:\/\/arteintanks.com\/wp-content\/uploads\/2022\/09\/logo-web.png\",\"contentUrl\":\"https:\/\/arteintanks.com\/wp-content\/uploads\/2022\/09\/logo-web.png\",\"width\":2806,\"height\":727,\"caption\":\"Artein\"},\"image\":{\"@id\":\"https:\/\/arteintanks.com\/#\/schema\/logo\/image\/\"}}]}<\/script>\r\n<!-- \/ Yoast SEO plugin. -->","yoast_head_json":{"title":"Blog - Artein","robots":{"index":"index","follow":"follow","max-snippet":"max-snippet:-1","max-image-preview":"max-image-preview:large","max-video-preview":"max-video-preview:-1"},"canonical":"https:\/\/arteintanks.com\/en\/blog\/","og_locale":"en_GB","og_type":"article","og_title":"Blog - Artein","og_description":"Artein","og_url":"https:\/\/arteintanks.com\/en\/blog\/","og_site_name":"Artein","article_modified_time":"2024-12-18T09:28:52+00:00","og_image":[{"url":"https:\/\/arteintanks.com\/wp-content\/uploads\/2024\/07\/linea-titulo-60.jpg","type":"","width":"","height":""}],"twitter_card":"summary_large_image","twitter_misc":{"Estimated reading time":"3 minutes"},"schema":{"@context":"https:\/\/schema.org","@graph":[{"@type":"WebPage","@id":"https:\/\/arteintanks.com\/blog\/","url":"https:\/\/arteintanks.com\/blog\/","name":"Blog - Artein","isPartOf":{"@id":"https:\/\/arteintanks.com\/#website"},"primaryImageOfPage":{"@id":"https:\/\/arteintanks.com\/blog\/#primaryimage"},"image":{"@id":"https:\/\/arteintanks.com\/blog\/#primaryimage"},"thumbnailUrl":"https:\/\/arteintanks.com\/wp-content\/uploads\/2024\/07\/linea-titulo-60.jpg","datePublished":"2022-09-26T11:47:39+00:00","dateModified":"2024-12-18T09:28:52+00:00","breadcrumb":{"@id":"https:\/\/arteintanks.com\/blog\/#breadcrumb"},"inLanguage":"en-GB","potentialAction":[{"@type":"ReadAction","target":["https:\/\/arteintanks.com\/blog\/"]}]},{"@type":"ImageObject","inLanguage":"en-GB","@id":"https:\/\/arteintanks.com\/blog\/#primaryimage","url":"https:\/\/arteintanks.com\/wp-content\/uploads\/2024\/07\/linea-titulo-60.jpg","contentUrl":"https:\/\/arteintanks.com\/wp-content\/uploads\/2024\/07\/linea-titulo-60.jpg"},{"@type":"BreadcrumbList","@id":"https:\/\/arteintanks.com\/blog\/#breadcrumb","itemListElement":[{"@type":"ListItem","position":1,"name":"Portada","item":"https:\/\/arteintanks.com\/"},{"@type":"ListItem","position":2,"name":"Blog"}]},{"@type":"WebSite","@id":"https:\/\/arteintanks.com\/#website","url":"https:\/\/arteintanks.com\/","name":"Artein","description":"","publisher":{"@id":"https:\/\/arteintanks.com\/#organization"},"potentialAction":[{"@type":"SearchAction","target":{"@type":"EntryPoint","urlTemplate":"https:\/\/arteintanks.com\/?s={search_term_string}"},"query-input":{"@type":"PropertyValueSpecification","valueRequired":true,"valueName":"search_term_string"}}],"inLanguage":"en-GB"},{"@type":"Organization","@id":"https:\/\/arteintanks.com\/#organization","name":"Artein","url":"https:\/\/arteintanks.com\/","logo":{"@type":"ImageObject","inLanguage":"en-GB","@id":"https:\/\/arteintanks.com\/#\/schema\/logo\/image\/","url":"https:\/\/arteintanks.com\/wp-content\/uploads\/2022\/09\/logo-web.png","contentUrl":"https:\/\/arteintanks.com\/wp-content\/uploads\/2022\/09\/logo-web.png","width":2806,"height":727,"caption":"Artein"},"image":{"@id":"https:\/\/arteintanks.com\/#\/schema\/logo\/image\/"}}]}},"_links":{"self":[{"href":"https:\/\/arteintanks.com\/en\/wp-json\/wp\/v2\/pages\/1832","targetHints":{"allow":["GET"]}}],"collection":[{"href":"https:\/\/arteintanks.com\/en\/wp-json\/wp\/v2\/pages"}],"about":[{"href":"https:\/\/arteintanks.com\/en\/wp-json\/wp\/v2\/types\/page"}],"author":[{"embeddable":true,"href":"https:\/\/arteintanks.com\/en\/wp-json\/wp\/v2\/users\/1"}],"replies":[{"embeddable":true,"href":"https:\/\/arteintanks.com\/en\/wp-json\/wp\/v2\/comments?post=1832"}],"version-history":[{"count":16,"href":"https:\/\/arteintanks.com\/en\/wp-json\/wp\/v2\/pages\/1832\/revisions"}],"predecessor-version":[{"id":988970,"href":"https:\/\/arteintanks.com\/en\/wp-json\/wp\/v2\/pages\/1832\/revisions\/988970"}],"wp:attachment":[{"href":"https:\/\/arteintanks.com\/en\/wp-json\/wp\/v2\/media?parent=1832"}],"curies":[{"name":"wp","href":"https:\/\/api.w.org\/{rel}","templated":true}]}}