{"id":988339,"date":"2024-08-01T13:03:27","date_gmt":"2024-08-01T11:03:27","guid":{"rendered":"https:\/\/artein-ingenieria.com\/?page_id=988339"},"modified":"2024-09-11T07:57:35","modified_gmt":"2024-09-11T05:57:35","slug":"terminos-y-condiciones","status":"publish","type":"page","link":"https:\/\/arteintanks.com\/en\/terminos-y-condiciones\/","title":{"rendered":"Terms and conditions"},"content":{"rendered":"<div data-elementor-type=\"wp-page\" data-elementor-id=\"988339\" class=\"elementor elementor-988339\" data-elementor-post-type=\"page\">\r\n\t\t\t\t\t\t<section class=\"elementor-section elementor-top-section elementor-element elementor-element-25a2aa8 elementor-section-boxed elementor-section-height-default elementor-section-height-default\" data-id=\"25a2aa8\" data-element_type=\"section\">\r\n\t\t\t\t\t\t<div class=\"elementor-container elementor-column-gap-no\">\r\n\t\t\t\t\t<div class=\"elementor-column elementor-col-100 elementor-top-column elementor-element elementor-element-7d37642e\" data-id=\"7d37642e\" data-element_type=\"column\">\r\n\t\t\t<div class=\"elementor-widget-wrap elementor-element-populated\">\r\n\t\t\t\t\t\t\t<\/div>\r\n\t\t<\/div>\r\n\t\t\t\t\t<\/div>\r\n\t\t<\/section>\r\n\t\t<div class=\"elementor-element elementor-element-15323963 e-flex e-con-boxed e-con e-parent\" data-id=\"15323963\" data-element_type=\"container\">\r\n\t\t\t\t\t<div class=\"e-con-inner\">\r\n\t\t\t\t<div class=\"elementor-element elementor-element-639f61fc elementor-widget elementor-widget-text-editor\" data-id=\"639f61fc\" data-element_type=\"widget\" data-widget_type=\"text-editor.default\">\r\n\t\t\t\t<div class=\"elementor-widget-container\">\r\n\t\t\t\t\t\t\t\t\t<p><\/p>\n<p>Welcome to www.arteintanks.com. This website is the property of AREAS TECNOLOGICAS E INNOVACION DE ALMACENAMIENTO GRUPO, S.L. and its use is subject to the following terms and conditions. By accessing and using this website, you agree to these terms. If you do not agree with them, please do not use the site.<\/p>\n<p><\/p>\n<ol class=\"wp-block-list\"><p><\/p>\n<li><strong>Identifying Data<\/strong><br>Owner:&nbsp;<strong>AREAS TECNOLOGICAS E INNOVACION DE ALMACENAMIENTO GRUPO, S.L.<\/strong><br>CIF: B98479611<br>Address: Ronda Auguste Louis Lumi\u00e8re, Nave 23, Parque Tecnol\u00f3gico, 46980, Paterna, Valencia<br>E-mail: info@arteintanks.com<\/li>\n<p><\/p>\n<li><strong>Access to the Website<\/strong><br>Access to www.arteintanks.com is free of charge and does not require registration. However, some services may be subject to special conditions or require subscription. The user<br>undertakes agrees to use this site responsibly and in accordance with the law.<\/li>\n<p><\/p>\n<li><strong>Intellectual Property<\/strong><br>All the content of the website, including texts, images, logos, graphics, videos and any other material, is the property of AREAS TECNOLOGICAS E INNOVACION DE ALMACENAMIENTO GRUPO, S.L. or is duly licensed. Its reproduction, distribution or transformation without the express authorisation of the owner is prohibited. Unauthorised use of any content may result in legal action.<\/li>\n<p><\/p>\n<li><strong>Permitted Use<\/strong><br>You agree to use this website only for lawful purposes and in full compliance with these terms and conditions. You may not<br>- Use the website in a way that causes damage, interruption or harm to the service or other users.<br>- Engage in unlawful or fraudulent activities.<br>- Introduce viruses or other harmful components that may compromise the integrity of the website or its users.<\/li>\n<p><\/p>\n<li><strong>Responsibility of the Web Site<\/strong><br><strong>AREAS TECNOLOGICAS E INNOVACION DE ALMACENAMIENTO GRUPO, S.L<\/strong>accepts no liability for:<br>- Possible errors or omissions in the contents of the website.<br>- Damages derived from the use of the website, including the interruption or temporary unavailability of the service.<br>- Contents or links to third parties present on the website, which are not reviewed or controlled.<\/li>\n<p><\/p>\n<li><b>Links to Third Parties<br><\/b>This website may contain links to third party sites.&nbsp;<strong style=\"text-align: var(--text-align); color: var( --e-global-color-vamtam_accent_1 ); letter-spacing: var( --e-global-typography-vamtam_primary_font-letter-spacing ); text-transform: var( --e-global-typography-vamtam_primary_font-text-transform ); word-spacing: var( --e-global-typography-vamtam_primary_font-word-spacing );\">AREAS TECNOLOGICAS E INNOVACION DE ALMACENAMIENTO GRUPO, S.L. <\/strong><span style=\"text-align: var(--text-align); color: var( --e-global-color-vamtam_accent_1 ); letter-spacing: var( --e-global-typography-vamtam_primary_font-letter-spacing ); text-transform: var( --e-global-typography-vamtam_primary_font-text-transform ); word-spacing: var( --e-global-typography-vamtam_primary_font-word-spacing );\">is not responsible for the content of such external sites or for the privacy practices or conditions of use of those sites.<\/span><\/li><\/ol>\n<p><\/p>\n<ol class=\"wp-block-list\" start=\"7\"><p><\/p>\n<li><strong>Data Protection<\/strong><br>The use of this web site is subject to our Confidentiality Policy, which can be consulted in the corresponding link.&nbsp;<strong>AREAS TECNOLOGICAS E INNOVACION DE<br>ALMACENAMIENTO GRUPO, S.L.<\/strong> complies with the EU's General Data Protection Regulation (RGPD) and current legislation on personal data protection.<\/li>\n<p><\/p>\n<li><strong>Modifications<\/strong><br><strong>AREAS TECNOLOGICAS E INNOVACION DE ALMACENAMIENTO GRUPO, S.L.<\/strong> reserves the right to modify these Terms and Conditions at any time. The modifications will be published on this page, and it is the user's responsibility to review them periodically. Continued use of the website after any modification implies acceptance of the new terms.<\/li>\n<p><\/p>\n<li><strong>Governing Law and Jurisdiction<\/strong><br>These terms and conditions are governed by Spanish law. In the event of any conflict or dispute relating to the use of the website, the parties shall submit to the courts and tribunals of the city of Valencia, expressly waiving any other jurisdiction to which they may be entitled.<\/li>\n<p><\/p>\n<li><strong>Contact<\/strong><br>For any query or complaint related to these Terms and Conditions, you can contact us via the following email address: info@arteintanks.com<\/li>\n<p><\/p><\/ol>\n<p><\/p>\n<p><\/p>\t\t\t\t\t\t\t\t<\/div>\r\n\t\t\t\t<\/div>\r\n\t\t\t\t\t<\/div>\r\n\t\t\t\t<\/div>\r\n\t\t\t\t<\/div>","protected":false},"excerpt":{"rendered":"<p>Welcome to www.arteintanks.com. This website is the property of AREAS TECNOLOGICAS E INNOVACION DE ALMACENAMIENTO GRUPO, S.L. and its use is subject to the following terms and conditions. By accessing and using this website, you agree to these terms. If you do not agree with them, please do not use the site.<\/p>","protected":false},"author":1,"featured_media":0,"parent":0,"menu_order":0,"comment_status":"closed","ping_status":"closed","template":"","meta":{"_monsterinsights_skip_tracking":false,"_monsterinsights_sitenote_active":false,"_monsterinsights_sitenote_note":"","_monsterinsights_sitenote_category":0,"footnotes":""},"class_list":["post-988339","page","type-page","status-publish","hentry"],"yoast_head":"<!-- This site is optimized with the Yoast SEO plugin v25.3 - https:\/\/yoast.com\/wordpress\/plugins\/seo\/ -->\r\n<title>T\u00e9rminos y condiciones - Artein<\/title>\r\n<meta name=\"robots\" content=\"index, follow, max-snippet:-1, max-image-preview:large, max-video-preview:-1\" \/>\r\n<link rel=\"canonical\" href=\"https:\/\/arteintanks.com\/en\/terminos-y-condiciones\/\" \/>\r\n<meta property=\"og:locale\" content=\"en_GB\" \/>\r\n<meta property=\"og:type\" content=\"article\" \/>\r\n<meta property=\"og:title\" content=\"T\u00e9rminos y condiciones - Artein\" \/>\r\n<meta property=\"og:description\" content=\"Bienvenido a www.arteintanks.com. Este sitio web es propiedad de AREAS TECNOLOGICAS E INNOVACION DE ALMACENAMIENTO GRUPO, S.L. y su uso est\u00e1 sujeto a los siguientes t\u00e9rminos y condiciones. Al acceder y utilizar este sitio web, usted acepta estos t\u00e9rminos. Si no est\u00e1 de acuerdo con ellos, por favor, no utilice el sitio.\" \/>\r\n<meta property=\"og:url\" content=\"https:\/\/arteintanks.com\/en\/terminos-y-condiciones\/\" \/>\r\n<meta property=\"og:site_name\" content=\"Artein\" \/>\r\n<meta property=\"article:modified_time\" content=\"2024-09-11T05:57:35+00:00\" \/>\r\n<meta name=\"twitter:card\" content=\"summary_large_image\" \/>\r\n<meta name=\"twitter:label1\" content=\"Estimated reading time\" \/>\n\t<meta name=\"twitter:data1\" content=\"3 minutes\" \/>\r\n<script type=\"application\/ld+json\" class=\"yoast-schema-graph\">{\"@context\":\"https:\/\/schema.org\",\"@graph\":[{\"@type\":\"WebPage\",\"@id\":\"https:\/\/arteintanks.com\/terminos-y-condiciones\/\",\"url\":\"https:\/\/arteintanks.com\/terminos-y-condiciones\/\",\"name\":\"T\u00e9rminos y condiciones - Artein\",\"isPartOf\":{\"@id\":\"https:\/\/arteintanks.com\/#website\"},\"datePublished\":\"2024-08-01T11:03:27+00:00\",\"dateModified\":\"2024-09-11T05:57:35+00:00\",\"breadcrumb\":{\"@id\":\"https:\/\/arteintanks.com\/terminos-y-condiciones\/#breadcrumb\"},\"inLanguage\":\"en-GB\",\"potentialAction\":[{\"@type\":\"ReadAction\",\"target\":[\"https:\/\/arteintanks.com\/terminos-y-condiciones\/\"]}]},{\"@type\":\"BreadcrumbList\",\"@id\":\"https:\/\/arteintanks.com\/terminos-y-condiciones\/#breadcrumb\",\"itemListElement\":[{\"@type\":\"ListItem\",\"position\":1,\"name\":\"Portada\",\"item\":\"https:\/\/arteintanks.com\/\"},{\"@type\":\"ListItem\",\"position\":2,\"name\":\"T\u00e9rminos y condiciones\"}]},{\"@type\":\"WebSite\",\"@id\":\"https:\/\/arteintanks.com\/#website\",\"url\":\"https:\/\/arteintanks.com\/\",\"name\":\"Artein\",\"description\":\"\",\"publisher\":{\"@id\":\"https:\/\/arteintanks.com\/#organization\"},\"potentialAction\":[{\"@type\":\"SearchAction\",\"target\":{\"@type\":\"EntryPoint\",\"urlTemplate\":\"https:\/\/arteintanks.com\/?s={search_term_string}\"},\"query-input\":{\"@type\":\"PropertyValueSpecification\",\"valueRequired\":true,\"valueName\":\"search_term_string\"}}],\"inLanguage\":\"en-GB\"},{\"@type\":\"Organization\",\"@id\":\"https:\/\/arteintanks.com\/#organization\",\"name\":\"Artein\",\"url\":\"https:\/\/arteintanks.com\/\",\"logo\":{\"@type\":\"ImageObject\",\"inLanguage\":\"en-GB\",\"@id\":\"https:\/\/arteintanks.com\/#\/schema\/logo\/image\/\",\"url\":\"https:\/\/arteintanks.com\/wp-content\/uploads\/2022\/09\/logo-web.png\",\"contentUrl\":\"https:\/\/arteintanks.com\/wp-content\/uploads\/2022\/09\/logo-web.png\",\"width\":2806,\"height\":727,\"caption\":\"Artein\"},\"image\":{\"@id\":\"https:\/\/arteintanks.com\/#\/schema\/logo\/image\/\"}}]}<\/script>\r\n<!-- \/ Yoast SEO plugin. -->","yoast_head_json":{"title":"T\u00e9rminos y condiciones - Artein","robots":{"index":"index","follow":"follow","max-snippet":"max-snippet:-1","max-image-preview":"max-image-preview:large","max-video-preview":"max-video-preview:-1"},"canonical":"https:\/\/arteintanks.com\/en\/terminos-y-condiciones\/","og_locale":"en_GB","og_type":"article","og_title":"T\u00e9rminos y condiciones - Artein","og_description":"Bienvenido a www.arteintanks.com. Este sitio web es propiedad de AREAS TECNOLOGICAS E INNOVACION DE ALMACENAMIENTO GRUPO, S.L. y su uso est\u00e1 sujeto a los siguientes t\u00e9rminos y condiciones. Al acceder y utilizar este sitio web, usted acepta estos t\u00e9rminos. Si no est\u00e1 de acuerdo con ellos, por favor, no utilice el sitio.","og_url":"https:\/\/arteintanks.com\/en\/terminos-y-condiciones\/","og_site_name":"Artein","article_modified_time":"2024-09-11T05:57:35+00:00","twitter_card":"summary_large_image","twitter_misc":{"Estimated reading time":"3 minutes"},"schema":{"@context":"https:\/\/schema.org","@graph":[{"@type":"WebPage","@id":"https:\/\/arteintanks.com\/terminos-y-condiciones\/","url":"https:\/\/arteintanks.com\/terminos-y-condiciones\/","name":"T\u00e9rminos y condiciones - Artein","isPartOf":{"@id":"https:\/\/arteintanks.com\/#website"},"datePublished":"2024-08-01T11:03:27+00:00","dateModified":"2024-09-11T05:57:35+00:00","breadcrumb":{"@id":"https:\/\/arteintanks.com\/terminos-y-condiciones\/#breadcrumb"},"inLanguage":"en-GB","potentialAction":[{"@type":"ReadAction","target":["https:\/\/arteintanks.com\/terminos-y-condiciones\/"]}]},{"@type":"BreadcrumbList","@id":"https:\/\/arteintanks.com\/terminos-y-condiciones\/#breadcrumb","itemListElement":[{"@type":"ListItem","position":1,"name":"Portada","item":"https:\/\/arteintanks.com\/"},{"@type":"ListItem","position":2,"name":"T\u00e9rminos y condiciones"}]},{"@type":"WebSite","@id":"https:\/\/arteintanks.com\/#website","url":"https:\/\/arteintanks.com\/","name":"Artein","description":"","publisher":{"@id":"https:\/\/arteintanks.com\/#organization"},"potentialAction":[{"@type":"SearchAction","target":{"@type":"EntryPoint","urlTemplate":"https:\/\/arteintanks.com\/?s={search_term_string}"},"query-input":{"@type":"PropertyValueSpecification","valueRequired":true,"valueName":"search_term_string"}}],"inLanguage":"en-GB"},{"@type":"Organization","@id":"https:\/\/arteintanks.com\/#organization","name":"Artein","url":"https:\/\/arteintanks.com\/","logo":{"@type":"ImageObject","inLanguage":"en-GB","@id":"https:\/\/arteintanks.com\/#\/schema\/logo\/image\/","url":"https:\/\/arteintanks.com\/wp-content\/uploads\/2022\/09\/logo-web.png","contentUrl":"https:\/\/arteintanks.com\/wp-content\/uploads\/2022\/09\/logo-web.png","width":2806,"height":727,"caption":"Artein"},"image":{"@id":"https:\/\/arteintanks.com\/#\/schema\/logo\/image\/"}}]}},"_links":{"self":[{"href":"https:\/\/arteintanks.com\/en\/wp-json\/wp\/v2\/pages\/988339","targetHints":{"allow":["GET"]}}],"collection":[{"href":"https:\/\/arteintanks.com\/en\/wp-json\/wp\/v2\/pages"}],"about":[{"href":"https:\/\/arteintanks.com\/en\/wp-json\/wp\/v2\/types\/page"}],"author":[{"embeddable":true,"href":"https:\/\/arteintanks.com\/en\/wp-json\/wp\/v2\/users\/1"}],"replies":[{"embeddable":true,"href":"https:\/\/arteintanks.com\/en\/wp-json\/wp\/v2\/comments?post=988339"}],"version-history":[{"count":8,"href":"https:\/\/arteintanks.com\/en\/wp-json\/wp\/v2\/pages\/988339\/revisions"}],"predecessor-version":[{"id":988792,"href":"https:\/\/arteintanks.com\/en\/wp-json\/wp\/v2\/pages\/988339\/revisions\/988792"}],"wp:attachment":[{"href":"https:\/\/arteintanks.com\/en\/wp-json\/wp\/v2\/media?parent=988339"}],"curies":[{"name":"wp","href":"https:\/\/api.w.org\/{rel}","templated":true}]}}