{"id":988341,"date":"2024-08-01T13:04:58","date_gmt":"2024-08-01T11:04:58","guid":{"rendered":"https:\/\/artein-ingenieria.com\/?page_id=988341"},"modified":"2024-09-10T12:11:28","modified_gmt":"2024-09-10T10:11:28","slug":"politica-de-privacidad","status":"publish","type":"page","link":"https:\/\/arteintanks.com\/en\/politica-de-privacidad\/","title":{"rendered":"Privacy policy"},"content":{"rendered":"<div data-elementor-type=\"wp-page\" data-elementor-id=\"988341\" class=\"elementor elementor-988341\" data-elementor-post-type=\"page\">\r\n\t\t\t\t\t\t<section class=\"elementor-section elementor-top-section elementor-element elementor-element-70a17d9a elementor-section-boxed elementor-section-height-default elementor-section-height-default\" data-id=\"70a17d9a\" data-element_type=\"section\">\r\n\t\t\t\t\t\t<div class=\"elementor-container elementor-column-gap-no\">\r\n\t\t\t\t\t<div class=\"elementor-column elementor-col-100 elementor-top-column elementor-element elementor-element-628d863c\" data-id=\"628d863c\" data-element_type=\"column\">\r\n\t\t\t<div class=\"elementor-widget-wrap elementor-element-populated\">\r\n\t\t\t\t\t\t\t<\/div>\r\n\t\t<\/div>\r\n\t\t\t\t\t<\/div>\r\n\t\t<\/section>\r\n\t\t<div class=\"elementor-element elementor-element-2480664 e-flex e-con-boxed e-con e-parent\" data-id=\"2480664\" data-element_type=\"container\">\r\n\t\t\t\t\t<div class=\"e-con-inner\">\r\n\t\t\t\t<div class=\"elementor-element elementor-element-846dbd5 elementor-widget elementor-widget-text-editor\" data-id=\"846dbd5\" data-element_type=\"widget\" data-widget_type=\"text-editor.default\">\r\n\t\t\t\t<div class=\"elementor-widget-container\">\r\n\t\t\t\t\t\t\t\t\t<ol class=\"wp-block-list\" style=\"font-style: normal; font-variant-ligatures: normal; font-variant-caps: normal; font-weight: 400; font-size: 14px; font-family: 'Titillium Web', sans-serif;\"><li><span style=\"font-weight: bold;\">Data controller:<\/span><br \/>Company Name:\u00a0<span style=\"font-weight: bold;\">AREAS TECNOLOGICAS E INNOVACION DE ALMACENAMIENTO GRUPO, S.L.<\/span><br \/>CIF: B98479611<br \/>Address: Ronda Auguste Louis Lumi\u00e8re, Nave 23, Parque Tecnol\u00f3gico, 46980, Paterna, Valencia<br \/>E-mail:\u00a0info@arteintanks.com<\/li><li><span style=\"text-align: var(--text-align); color: var( --e-global-color-vamtam_accent_1 ); letter-spacing: var( --e-global-typography-vamtam_primary_font-letter-spacing ); text-transform: var( --e-global-typography-vamtam_primary_font-text-transform ); word-spacing: var( --e-global-typography-vamtam_primary_font-word-spacing );\"><span style=\"font-weight: bold;\">Purpose of data processing:<br \/><\/span><\/span>In\u00a0<span style=\"font-weight: bold; text-align: var(--text-align); color: var( --e-global-color-vamtam_accent_1 ); letter-spacing: var( --e-global-typography-vamtam_primary_font-letter-spacing ); text-transform: var( --e-global-typography-vamtam_primary_font-text-transform ); word-spacing: var( --e-global-typography-vamtam_primary_font-word-spacing );\">AREAS TECNOLOGICAS E INNOVACION DE ALMACENAMIENTO GRUPO, S.L.,<\/span><span style=\"text-align: var(--text-align); color: var( --e-global-color-vamtam_accent_1 ); letter-spacing: var( --e-global-typography-vamtam_primary_font-letter-spacing ); text-transform: var( --e-global-typography-vamtam_primary_font-text-transform ); word-spacing: var( --e-global-typography-vamtam_primary_font-word-spacing );\">\u00a0we process<br \/><\/span>the information provided to us by users of the website in order to<br \/>- Provide the requested services.<br \/>- Manage queries, requests or communications received through the contact form or via e-mail.<br \/>- To send commercial communications, if you have explicitly requested this.<p>The personal data provided will be kept for as long as the business relationship is maintained or for the legally established periods for their conservation.<\/p><\/li><li><span style=\"text-align: var(--text-align); color: var( --e-global-color-vamtam_accent_1 ); letter-spacing: var( --e-global-typography-vamtam_primary_font-letter-spacing ); text-transform: var( --e-global-typography-vamtam_primary_font-text-transform ); word-spacing: var( --e-global-typography-vamtam_primary_font-word-spacing );\"><span style=\"font-weight: bold;\">Legitimation for data processing:<br \/><\/span><\/span>The legal basis for the processing of your data is:<br \/>- The execution of a contract, for the provision of requested services.<br \/>- The user's consent, for the sending of commercial communications, if authorised.<\/li><li><span style=\"font-weight: bold; text-align: var(--text-align); color: var( --e-global-color-vamtam_accent_1 ); letter-spacing: var( --e-global-typography-vamtam_primary_font-letter-spacing ); text-transform: var( --e-global-typography-vamtam_primary_font-text-transform ); word-spacing: var( --e-global-typography-vamtam_primary_font-word-spacing );\">Data recipients:<br \/><\/span>Personal data will not be passed on to third parties, unless legally obliged to do so or in the event of a legal obligation.<br \/>necessary for the provision of a specific service. In such cases, you will be informed and asked to provide your<br \/>prior consent.<\/li><li><span style=\"text-align: var(--text-align); color: var( --e-global-color-vamtam_accent_1 ); letter-spacing: var( --e-global-typography-vamtam_primary_font-letter-spacing ); text-transform: var( --e-global-typography-vamtam_primary_font-text-transform ); word-spacing: var( --e-global-typography-vamtam_primary_font-word-spacing );\"><span style=\"font-weight: bold;\">User rights:<br \/><\/span><\/span>Users have the right to:<br \/>- Access your personal data.<br \/>- Request the rectification of inaccurate data.<br \/>- To request the deletion of your data when, among other reasons, they are no longer necessary for the purposes for which they were collected.<br \/>- Request the restriction of the processing of your data in certain circumstances.<br \/>- Oppose the processing of your data.<br \/>- Request the portability of your data to another data controller.<p>In order to exercise your rights, you may write to\u00a0<span style=\"font-weight: bold; text-align: var(--text-align); color: var( --e-global-color-vamtam_accent_1 ); letter-spacing: var( --e-global-typography-vamtam_primary_font-letter-spacing ); text-transform: var( --e-global-typography-vamtam_primary_font-text-transform ); word-spacing: var( --e-global-typography-vamtam_primary_font-word-spacing );\">AREAS TECNOLOGICAS E INNOVACION\u00a0<\/span><span style=\"font-weight: bold; text-align: var(--text-align); color: var( --e-global-color-vamtam_accent_1 ); letter-spacing: var( --e-global-typography-vamtam_primary_font-letter-spacing ); text-transform: var( --e-global-typography-vamtam_primary_font-text-transform ); word-spacing: var( --e-global-typography-vamtam_primary_font-word-spacing );\">DE ALMACENAMIENTO GRUPO, S.L.<\/span><span style=\"text-align: var(--text-align); color: var( --e-global-color-vamtam_accent_1 ); letter-spacing: var( --e-global-typography-vamtam_primary_font-letter-spacing ); text-transform: var( --e-global-typography-vamtam_primary_font-text-transform ); word-spacing: var( --e-global-typography-vamtam_primary_font-word-spacing );\">,<br \/>to the address above or by mail\u00a0<\/span>electr\u00f3nico a\u00a0info@arteintanks.com.<br \/>In both cases, a copy of your ID card or equivalent document must be enclosed.<\/p><\/li><li><span style=\"font-weight: bold; text-align: var(--text-align); color: var( --e-global-color-vamtam_accent_1 ); letter-spacing: var( --e-global-typography-vamtam_primary_font-letter-spacing ); text-transform: var( --e-global-typography-vamtam_primary_font-text-transform ); word-spacing: var( --e-global-typography-vamtam_primary_font-word-spacing );\">Protection of personal data:<br \/><\/span><span style=\"font-weight: bold; text-align: var(--text-align); color: var( --e-global-color-vamtam_accent_1 ); letter-spacing: var( --e-global-typography-vamtam_primary_font-letter-spacing ); text-transform: var( --e-global-typography-vamtam_primary_font-text-transform ); word-spacing: var( --e-global-typography-vamtam_primary_font-word-spacing );\">AREAS TECNOLOGICAS E INNOVACION DE ALMACENAMIENTO GRUPO, S.L.<\/span><span style=\"text-align: var(--text-align); color: var( --e-global-color-vamtam_accent_1 ); letter-spacing: var( --e-global-typography-vamtam_primary_font-letter-spacing ); text-transform: var( --e-global-typography-vamtam_primary_font-text-transform ); word-spacing: var( --e-global-typography-vamtam_primary_font-word-spacing );\">\u00a0undertakes\u00a0<\/span>to protect the privacy and confidentiality of<br \/>We adopt the necessary security measures to guarantee the protection of personal data and<br \/>to avoid its loss, misuse, alteration or unauthorised access.<\/li><li><span style=\"font-weight: bold; text-align: var(--text-align); color: var( --e-global-color-vamtam_accent_1 ); letter-spacing: var( --e-global-typography-vamtam_primary_font-letter-spacing ); text-transform: var( --e-global-typography-vamtam_primary_font-text-transform ); word-spacing: var( --e-global-typography-vamtam_primary_font-word-spacing );\">Cambios en la pol\u00edtica de privacidad:<br \/><\/span><span style=\"font-weight: bold; text-align: var(--text-align); color: var( --e-global-color-vamtam_accent_1 ); letter-spacing: var( --e-global-typography-vamtam_primary_font-letter-spacing ); text-transform: var( --e-global-typography-vamtam_primary_font-text-transform ); word-spacing: var( --e-global-typography-vamtam_primary_font-word-spacing );\">AREAS TECNOLOGICAS E INNOVACION DE ALMACENAMIENTO GRUPO, S.L.<\/span><span style=\"text-align: var(--text-align); color: var( --e-global-color-vamtam_accent_1 ); letter-spacing: var( --e-global-typography-vamtam_primary_font-letter-spacing ); text-transform: var( --e-global-typography-vamtam_primary_font-text-transform ); word-spacing: var( --e-global-typography-vamtam_primary_font-word-spacing );\">\u00a0reserves\u00a0<\/span>the right to modify this privacy policy to<br \/>privacy policy to adapt it to new legislation or changes in our activities.<br \/>Any modification will be duly published on this page.<\/li><li><span style=\"text-align: var(--text-align); color: var( --e-global-color-vamtam_accent_1 ); letter-spacing: var( --e-global-typography-vamtam_primary_font-letter-spacing ); text-transform: var( --e-global-typography-vamtam_primary_font-text-transform ); word-spacing: var( --e-global-typography-vamtam_primary_font-word-spacing );\"><span style=\"font-weight: bold;\">Changes in the privacy policy<br \/><\/span><\/span>Use of this website implies acceptance of this Privacy Policy.<\/li><li><span style=\"font-weight: bold; text-align: var(--text-align); color: var( --e-global-color-vamtam_accent_1 ); letter-spacing: var( --e-global-typography-vamtam_primary_font-letter-spacing ); text-transform: var( --e-global-typography-vamtam_primary_font-text-transform ); word-spacing: var( --e-global-typography-vamtam_primary_font-word-spacing );\">Add Confidentiality Notice page for emails:<br \/><\/span><span style=\"font-weight: bold; text-align: var(--text-align); color: var( --e-global-color-vamtam_accent_1 ); letter-spacing: var( --e-global-typography-vamtam_primary_font-letter-spacing ); text-transform: var( --e-global-typography-vamtam_primary_font-text-transform ); word-spacing: var( --e-global-typography-vamtam_primary_font-word-spacing );\">CONFIDENTIALITY NOTICE:<\/span><span style=\"text-align: var(--text-align); color: var( --e-global-color-vamtam_accent_1 ); letter-spacing: var( --e-global-typography-vamtam_primary_font-letter-spacing ); text-transform: var( --e-global-typography-vamtam_primary_font-text-transform ); word-spacing: var( --e-global-typography-vamtam_primary_font-word-spacing );\">\u00a0This message and its attachments are addressed exclusively to the addressee and may contain<br \/>confidential information subject to professional secrecy.\u00a0<\/span>Its reproduction or distribution is not permitted without the express authorization of<span style=\"font-weight: bold; text-align: var(--text-align); color: var( --e-global-color-vamtam_accent_1 ); letter-spacing: var( --e-global-typography-vamtam_primary_font-letter-spacing ); text-transform: var( --e-global-typography-vamtam_primary_font-text-transform ); word-spacing: var( --e-global-typography-vamtam_primary_font-word-spacing );\"><br \/>AREAS TECNOLOGICAS E INNOVACION DE ALMACENAMIENTO GRUPO, S.L.\u00a0<\/span>If you are not the final recipient, please delete it and notify us immediately.<p>In compliance with the General Data Protection Regulation (EU) 2016\/679 of the European Parliament and of the Council of 27 April 2016, and the Organic Law 3\/2018, of 5 December, on the Protection of Personal Data and guarantee of digital rights, we inform you that your data will be processed for the purpose of managing the services offered by\u00a0<span style=\"text-align: var(--text-align); color: var( --e-global-color-vamtam_accent_1 ); letter-spacing: var( --e-global-typography-vamtam_primary_font-letter-spacing ); text-transform: var( --e-global-typography-vamtam_primary_font-text-transform ); word-spacing: var( --e-global-typography-vamtam_primary_font-word-spacing );\"><span style=\"font-weight: bold;\">AREAS TECNOLOGICAS E INNOVACION DE ALMACENAMIENTO GRUPO, S.L.<br \/><\/span><\/span><span style=\"font-weight: bold;\"><br \/><\/span>We also inform you of the possibility of exercising your rights of access, rectification, opposition, deletion, limitation and portability of your data by contacting us at:<br \/>Ronda Auguste Louis Lumi\u00e8re, Nave 23, Parque Tecnol\u00f3gico<br \/>46980, Paterna, Valencia<br \/>info@arteintanks.com<\/p><p>If you no longer wish to receive our communications, you can contact us by sending an e-mail to: info@arteintanks.com<\/p><\/li><\/ol>\t\t\t\t\t\t\t\t<\/div>\r\n\t\t\t\t<\/div>\r\n\t\t\t\t\t<\/div>\r\n\t\t\t\t<\/div>\r\n\t\t\t\t<\/div>","protected":false},"excerpt":{"rendered":"<p>Responsable del tratamiento de datos:Raz\u00f3n Social:\u00a0AREAS TECNOLOGICAS E INNOVACION DE ALMACENAMIENTO GRUPO, S.L.CIF: B98479611Direcci\u00f3n: Ronda Auguste Louis Lumi\u00e8re, Nave 23, Parque Tecnol\u00f3gico, 46980, Paterna, ValenciaCorreo electr\u00f3nico:\u00a0info@arteintanks.com Finalidad del tratamiento de datos:En\u00a0AREAS TECNOLOGICAS E INNOVACION DE ALMACENAMIENTO GRUPO, S.L.,\u00a0tratamos lainformaci\u00f3n que nos facilitan los usuarios del sitio web con el fin de\u00b7 Proveer los servicios solicitados.\u00b7&#8230;<\/p>","protected":false},"author":1,"featured_media":0,"parent":0,"menu_order":0,"comment_status":"closed","ping_status":"closed","template":"","meta":{"_monsterinsights_skip_tracking":false,"_monsterinsights_sitenote_active":false,"_monsterinsights_sitenote_note":"","_monsterinsights_sitenote_category":0,"footnotes":""},"class_list":["post-988341","page","type-page","status-publish","hentry"],"yoast_head":"<!-- This site is optimized with the Yoast SEO plugin v25.3 - https:\/\/yoast.com\/wordpress\/plugins\/seo\/ -->\r\n<title>Pol\u00edtica de privacidad - Artein<\/title>\r\n<meta name=\"robots\" content=\"index, follow, max-snippet:-1, max-image-preview:large, max-video-preview:-1\" \/>\r\n<link rel=\"canonical\" href=\"https:\/\/arteintanks.com\/en\/politica-de-privacidad\/\" \/>\r\n<meta property=\"og:locale\" content=\"en_GB\" \/>\r\n<meta property=\"og:type\" content=\"article\" \/>\r\n<meta property=\"og:title\" content=\"Pol\u00edtica de privacidad - Artein\" \/>\r\n<meta property=\"og:description\" content=\"Responsable del tratamiento de datos:Raz\u00f3n Social:\u00a0AREAS TECNOLOGICAS E INNOVACION DE ALMACENAMIENTO GRUPO, S.L.CIF: B98479611Direcci\u00f3n: Ronda Auguste Louis Lumi\u00e8re, Nave 23, Parque Tecnol\u00f3gico, 46980, Paterna, ValenciaCorreo electr\u00f3nico:\u00a0info@arteintanks.com Finalidad del tratamiento de datos:En\u00a0AREAS TECNOLOGICAS E INNOVACION DE ALMACENAMIENTO GRUPO, S.L.,\u00a0tratamos lainformaci\u00f3n que nos facilitan los usuarios del sitio web con el fin de\u00b7 Proveer los servicios solicitados.\u00b7...\" \/>\r\n<meta property=\"og:url\" content=\"https:\/\/arteintanks.com\/en\/politica-de-privacidad\/\" \/>\r\n<meta property=\"og:site_name\" content=\"Artein\" \/>\r\n<meta property=\"article:modified_time\" content=\"2024-09-10T10:11:28+00:00\" \/>\r\n<meta name=\"twitter:card\" content=\"summary_large_image\" \/>\r\n<meta name=\"twitter:label1\" content=\"Estimated reading time\" \/>\n\t<meta name=\"twitter:data1\" content=\"3 minutes\" \/>\r\n<script type=\"application\/ld+json\" class=\"yoast-schema-graph\">{\"@context\":\"https:\/\/schema.org\",\"@graph\":[{\"@type\":\"WebPage\",\"@id\":\"https:\/\/arteintanks.com\/politica-de-privacidad\/\",\"url\":\"https:\/\/arteintanks.com\/politica-de-privacidad\/\",\"name\":\"Pol\u00edtica de privacidad - Artein\",\"isPartOf\":{\"@id\":\"https:\/\/arteintanks.com\/#website\"},\"datePublished\":\"2024-08-01T11:04:58+00:00\",\"dateModified\":\"2024-09-10T10:11:28+00:00\",\"breadcrumb\":{\"@id\":\"https:\/\/arteintanks.com\/politica-de-privacidad\/#breadcrumb\"},\"inLanguage\":\"en-GB\",\"potentialAction\":[{\"@type\":\"ReadAction\",\"target\":[\"https:\/\/arteintanks.com\/politica-de-privacidad\/\"]}]},{\"@type\":\"BreadcrumbList\",\"@id\":\"https:\/\/arteintanks.com\/politica-de-privacidad\/#breadcrumb\",\"itemListElement\":[{\"@type\":\"ListItem\",\"position\":1,\"name\":\"Portada\",\"item\":\"https:\/\/arteintanks.com\/\"},{\"@type\":\"ListItem\",\"position\":2,\"name\":\"Pol\u00edtica de privacidad\"}]},{\"@type\":\"WebSite\",\"@id\":\"https:\/\/arteintanks.com\/#website\",\"url\":\"https:\/\/arteintanks.com\/\",\"name\":\"Artein\",\"description\":\"\",\"publisher\":{\"@id\":\"https:\/\/arteintanks.com\/#organization\"},\"potentialAction\":[{\"@type\":\"SearchAction\",\"target\":{\"@type\":\"EntryPoint\",\"urlTemplate\":\"https:\/\/arteintanks.com\/?s={search_term_string}\"},\"query-input\":{\"@type\":\"PropertyValueSpecification\",\"valueRequired\":true,\"valueName\":\"search_term_string\"}}],\"inLanguage\":\"en-GB\"},{\"@type\":\"Organization\",\"@id\":\"https:\/\/arteintanks.com\/#organization\",\"name\":\"Artein\",\"url\":\"https:\/\/arteintanks.com\/\",\"logo\":{\"@type\":\"ImageObject\",\"inLanguage\":\"en-GB\",\"@id\":\"https:\/\/arteintanks.com\/#\/schema\/logo\/image\/\",\"url\":\"https:\/\/arteintanks.com\/wp-content\/uploads\/2022\/09\/logo-web.png\",\"contentUrl\":\"https:\/\/arteintanks.com\/wp-content\/uploads\/2022\/09\/logo-web.png\",\"width\":2806,\"height\":727,\"caption\":\"Artein\"},\"image\":{\"@id\":\"https:\/\/arteintanks.com\/#\/schema\/logo\/image\/\"}}]}<\/script>\r\n<!-- \/ Yoast SEO plugin. -->","yoast_head_json":{"title":"Pol\u00edtica de privacidad - Artein","robots":{"index":"index","follow":"follow","max-snippet":"max-snippet:-1","max-image-preview":"max-image-preview:large","max-video-preview":"max-video-preview:-1"},"canonical":"https:\/\/arteintanks.com\/en\/politica-de-privacidad\/","og_locale":"en_GB","og_type":"article","og_title":"Pol\u00edtica de privacidad - Artein","og_description":"Responsable del tratamiento de datos:Raz\u00f3n Social:\u00a0AREAS TECNOLOGICAS E INNOVACION DE ALMACENAMIENTO GRUPO, S.L.CIF: B98479611Direcci\u00f3n: Ronda Auguste Louis Lumi\u00e8re, Nave 23, Parque Tecnol\u00f3gico, 46980, Paterna, ValenciaCorreo electr\u00f3nico:\u00a0info@arteintanks.com Finalidad del tratamiento de datos:En\u00a0AREAS TECNOLOGICAS E INNOVACION DE ALMACENAMIENTO GRUPO, S.L.,\u00a0tratamos lainformaci\u00f3n que nos facilitan los usuarios del sitio web con el fin de\u00b7 Proveer los servicios solicitados.\u00b7...","og_url":"https:\/\/arteintanks.com\/en\/politica-de-privacidad\/","og_site_name":"Artein","article_modified_time":"2024-09-10T10:11:28+00:00","twitter_card":"summary_large_image","twitter_misc":{"Estimated reading time":"3 minutes"},"schema":{"@context":"https:\/\/schema.org","@graph":[{"@type":"WebPage","@id":"https:\/\/arteintanks.com\/politica-de-privacidad\/","url":"https:\/\/arteintanks.com\/politica-de-privacidad\/","name":"Pol\u00edtica de privacidad - Artein","isPartOf":{"@id":"https:\/\/arteintanks.com\/#website"},"datePublished":"2024-08-01T11:04:58+00:00","dateModified":"2024-09-10T10:11:28+00:00","breadcrumb":{"@id":"https:\/\/arteintanks.com\/politica-de-privacidad\/#breadcrumb"},"inLanguage":"en-GB","potentialAction":[{"@type":"ReadAction","target":["https:\/\/arteintanks.com\/politica-de-privacidad\/"]}]},{"@type":"BreadcrumbList","@id":"https:\/\/arteintanks.com\/politica-de-privacidad\/#breadcrumb","itemListElement":[{"@type":"ListItem","position":1,"name":"Portada","item":"https:\/\/arteintanks.com\/"},{"@type":"ListItem","position":2,"name":"Pol\u00edtica de privacidad"}]},{"@type":"WebSite","@id":"https:\/\/arteintanks.com\/#website","url":"https:\/\/arteintanks.com\/","name":"Artein","description":"","publisher":{"@id":"https:\/\/arteintanks.com\/#organization"},"potentialAction":[{"@type":"SearchAction","target":{"@type":"EntryPoint","urlTemplate":"https:\/\/arteintanks.com\/?s={search_term_string}"},"query-input":{"@type":"PropertyValueSpecification","valueRequired":true,"valueName":"search_term_string"}}],"inLanguage":"en-GB"},{"@type":"Organization","@id":"https:\/\/arteintanks.com\/#organization","name":"Artein","url":"https:\/\/arteintanks.com\/","logo":{"@type":"ImageObject","inLanguage":"en-GB","@id":"https:\/\/arteintanks.com\/#\/schema\/logo\/image\/","url":"https:\/\/arteintanks.com\/wp-content\/uploads\/2022\/09\/logo-web.png","contentUrl":"https:\/\/arteintanks.com\/wp-content\/uploads\/2022\/09\/logo-web.png","width":2806,"height":727,"caption":"Artein"},"image":{"@id":"https:\/\/arteintanks.com\/#\/schema\/logo\/image\/"}}]}},"_links":{"self":[{"href":"https:\/\/arteintanks.com\/en\/wp-json\/wp\/v2\/pages\/988341","targetHints":{"allow":["GET"]}}],"collection":[{"href":"https:\/\/arteintanks.com\/en\/wp-json\/wp\/v2\/pages"}],"about":[{"href":"https:\/\/arteintanks.com\/en\/wp-json\/wp\/v2\/types\/page"}],"author":[{"embeddable":true,"href":"https:\/\/arteintanks.com\/en\/wp-json\/wp\/v2\/users\/1"}],"replies":[{"embeddable":true,"href":"https:\/\/arteintanks.com\/en\/wp-json\/wp\/v2\/comments?post=988341"}],"version-history":[{"count":25,"href":"https:\/\/arteintanks.com\/en\/wp-json\/wp\/v2\/pages\/988341\/revisions"}],"predecessor-version":[{"id":988780,"href":"https:\/\/arteintanks.com\/en\/wp-json\/wp\/v2\/pages\/988341\/revisions\/988780"}],"wp:attachment":[{"href":"https:\/\/arteintanks.com\/en\/wp-json\/wp\/v2\/media?parent=988341"}],"curies":[{"name":"wp","href":"https:\/\/api.w.org\/{rel}","templated":true}]}}