{"id":988343,"date":"2024-08-01T13:05:40","date_gmt":"2024-08-01T11:05:40","guid":{"rendered":"https:\/\/artein-ingenieria.com\/?page_id=988343"},"modified":"2024-09-11T08:11:34","modified_gmt":"2024-09-11T06:11:34","slug":"politica-de-cookies","status":"publish","type":"page","link":"https:\/\/arteintanks.com\/en\/politica-de-cookies\/","title":{"rendered":"Cookies policy"},"content":{"rendered":"<div data-elementor-type=\"wp-page\" data-elementor-id=\"988343\" class=\"elementor elementor-988343\" data-elementor-post-type=\"page\">\r\n\t\t\t\t\t\t<section class=\"elementor-section elementor-top-section elementor-element elementor-element-1981a1a0 elementor-section-boxed elementor-section-height-default elementor-section-height-default\" data-id=\"1981a1a0\" data-element_type=\"section\">\r\n\t\t\t\t\t\t<div class=\"elementor-container elementor-column-gap-no\">\r\n\t\t\t\t\t<div class=\"elementor-column elementor-col-100 elementor-top-column elementor-element elementor-element-765139f1\" data-id=\"765139f1\" data-element_type=\"column\">\r\n\t\t\t<div class=\"elementor-widget-wrap elementor-element-populated\">\r\n\t\t\t\t\t\t\t<\/div>\r\n\t\t<\/div>\r\n\t\t\t\t\t<\/div>\r\n\t\t<\/section>\r\n\t\t<div class=\"elementor-element elementor-element-2cd0d63d e-flex e-con-boxed e-con e-parent\" data-id=\"2cd0d63d\" data-element_type=\"container\">\r\n\t\t\t\t\t<div class=\"e-con-inner\">\r\n\t\t\t\t<div class=\"elementor-element elementor-element-154090ed elementor-widget elementor-widget-text-editor\" data-id=\"154090ed\" data-element_type=\"widget\" data-widget_type=\"text-editor.default\">\r\n\t\t\t\t<div class=\"elementor-widget-container\">\r\n\t\t\t\t\t\t\t\t\t\n<p>In\u00a0<strong>AREAS TECNOLOGICAS E INNOVACION DE ALMACENAMIENTO GRUPO, S.L.\u00a0<\/strong>we use cookies on our web site\u00a0<br \/>www.arteintanks.com to improve the user experience and offer personalised services. Below, we explain what cookies are,\nwhat type of cookies <br \/>we use and how you can configure or deactivate them.<\/p>\n\n<ol class=\"wp-block-list\">\n<li><strong>What are cookies?<\/strong><br \/>Cookies are small text files that are stored on your device (computer, tablet, smartphone, etc.) when you visit certain web pages. <br \/>Their main function is to allow the website to remember your visit and your preferences when you browse that page, thus improving the user experience.<\/li>\n\n<li><strong>Types of cookies we use<\/strong><br \/>Our website uses the following types of cookies:<\/li>\n<\/ol>\n\n<p>- Technical cookies: These are essential for the website to function correctly. They allow browsing the site and the use of its services and basic functions.<br \/>- Personalisation cookies: These allow us to remember your preferences, such as language or regional settings, to provide you with a more personalised experience.<br \/>- Analytical cookies: These help us understand how users interact with the website by collecting information anonymously. <br \/>We use this information to improve the functionality of the site. An example of this is Google Analytics cookies.<br \/>- Advertising cookies: We use cookies to display personalised advertisements based on your browsing habits and to limit the number of times you see an advertisement.<\/p>\n\n<ol class=\"wp-block-list\" start=\"3\">\n<li><strong>Third party cookies<\/strong><br \/>Some cookies are not managed by us, but by third-party services that we use to analyse browsing and provide personalised content. <br \/>These third parties may be, for example:<br \/>- Google Analytics: To obtain anonymous website usage statistics.<br \/>- Social networks: If you interact with our content through social networks such as Facebook, Instagram or LinkedIn, these platforms may store cookies on your<br \/>device.<\/li>\n\n<li><strong>Consent<\/strong><br \/>When you access our website for the first time, we offer you the possibility to accept or reject the use of cookies, through a notice or banner. <br \/>You can accept all cookies or set them according to your preferences. By continuing to browse the website, you agree to the use of cookies in accordance with the terms and conditions set out in this notice.<\/li>\n\n<li><strong>How to disable or delete cookies?<\/strong><br \/>You can allow, block or delete cookies installed on your device by configuring the options of the browser you use. <br \/>Here is how to do this in the most popular browsers:<br \/>- Google Chrome\u00a0<a href=\"https:\/\/support.google.com\/accounts\/answer\/61416?hl=es&amp;co=GENIE.PlatformDesktop\">Cookie settings in Chrome<\/a><br \/>\u00b7 Mozilla Firefox:\u00a0<a href=\"https:\/\/support.mozilla.org\/es\/kb\/habilitar-y-deshabilitar-cookies-sitios-web-rastrear-preferencias\">Setting cookies in Firefox<\/a><br \/>- Internet Explorer:\u00a0<a href=\"https:\/\/support.microsoft.com\/es-es\/windows\/administrar-cookies-en-microsoft-edge-ver-permitir-bloquear-eliminar-y-usar-168dab11-0753-043d-7c16-ede5947fc64d\">Cookie settings in Internet Explorer<\/a><br \/>\u00b7 Microsoft Edge:\u00a0<a href=\"https:\/\/support.microsoft.com\/es-es\/windows\/administrar-cookies-en-microsoft-edge-ver-permitir-bloquear-eliminar-y-usar-168dab11-0753-043d-7c16-ede5947fc64d\">Setting cookies in Edge<\/a><br \/>\u00b7 Safari:\u00a0<a href=\"https:\/\/support.apple.com\/es-es\/guide\/safari\/sfri11471\/mac\">Cookie settings in Safari<\/a><br \/>Please note that if you choose to block all cookies, some services or features of the website may not be available.<\/li>\n\n<li><strong>Cookie Policy Updates<\/strong><br \/>This Cookie Policy may be updated depending on regulatory changes or adjustments to the configuration and use of cookies on our website. <br \/>We encourage you to review this policy periodically to stay informed about how and why we use cookies.<\/li>\n\n<li><strong>Contact<\/strong><br \/>If you have any doubts or queries about our Cookies Policy, you can contact us by email: info@arteintanks.com<\/li>\n<\/ol>\n\n<p>\u00a0<\/p>\n\t\t\t\t\t\t\t\t<\/div>\r\n\t\t\t\t<\/div>\r\n\t\t\t\t\t<\/div>\r\n\t\t\t\t<\/div>\r\n\t\t\t\t<\/div>","protected":false},"excerpt":{"rendered":"<p>En\u00a0AREAS TECNOLOGICAS E INNOVACION DE ALMACENAMIENTO GRUPO, S.L.\u00a0utilizamos cookies en nuestro sitio web\u00a0www.arteintanks.com\u00a0para mejorar la experiencia del usuario y ofrecer servicios personalizados. A continuaci\u00f3n, te explicamos qu\u00e9 son las cookies, qu\u00e9 tipo de cookies utilizamos y c\u00f3mo puedes configurarlas o desactivarlas. \u00b7 Cookies t\u00e9cnicas:\u00a0Son esenciales para que el sitio web funcione correctamente. Permiten la navegaci\u00f3n&#8230;<\/p>","protected":false},"author":1,"featured_media":0,"parent":0,"menu_order":0,"comment_status":"closed","ping_status":"closed","template":"","meta":{"_monsterinsights_skip_tracking":false,"_monsterinsights_sitenote_active":false,"_monsterinsights_sitenote_note":"","_monsterinsights_sitenote_category":0,"footnotes":""},"class_list":["post-988343","page","type-page","status-publish","hentry"],"yoast_head":"<!-- This site is optimized with the Yoast SEO plugin v25.3 - https:\/\/yoast.com\/wordpress\/plugins\/seo\/ -->\r\n<title>Pol\u00edtica de cookies - Artein<\/title>\r\n<meta name=\"robots\" content=\"index, follow, max-snippet:-1, max-image-preview:large, max-video-preview:-1\" \/>\r\n<link rel=\"canonical\" href=\"https:\/\/arteintanks.com\/en\/politica-de-cookies\/\" \/>\r\n<meta property=\"og:locale\" content=\"en_GB\" \/>\r\n<meta property=\"og:type\" content=\"article\" \/>\r\n<meta property=\"og:title\" content=\"Pol\u00edtica de cookies - Artein\" \/>\r\n<meta property=\"og:description\" content=\"En\u00a0AREAS TECNOLOGICAS E INNOVACION DE ALMACENAMIENTO GRUPO, S.L.\u00a0utilizamos cookies en nuestro sitio web\u00a0www.arteintanks.com\u00a0para mejorar la experiencia del usuario y ofrecer servicios personalizados. A continuaci\u00f3n, te explicamos qu\u00e9 son las cookies, qu\u00e9 tipo de cookies utilizamos y c\u00f3mo puedes configurarlas o desactivarlas. \u00b7 Cookies t\u00e9cnicas:\u00a0Son esenciales para que el sitio web funcione correctamente. Permiten la navegaci\u00f3n...\" \/>\r\n<meta property=\"og:url\" content=\"https:\/\/arteintanks.com\/en\/politica-de-cookies\/\" \/>\r\n<meta property=\"og:site_name\" content=\"Artein\" \/>\r\n<meta property=\"article:modified_time\" content=\"2024-09-11T06:11:34+00:00\" \/>\r\n<meta name=\"twitter:card\" content=\"summary_large_image\" \/>\r\n<meta name=\"twitter:label1\" content=\"Estimated reading time\" \/>\n\t<meta name=\"twitter:data1\" content=\"3 minutes\" \/>\r\n<script type=\"application\/ld+json\" class=\"yoast-schema-graph\">{\"@context\":\"https:\/\/schema.org\",\"@graph\":[{\"@type\":\"WebPage\",\"@id\":\"https:\/\/arteintanks.com\/politica-de-cookies\/\",\"url\":\"https:\/\/arteintanks.com\/politica-de-cookies\/\",\"name\":\"Pol\u00edtica de cookies - Artein\",\"isPartOf\":{\"@id\":\"https:\/\/arteintanks.com\/#website\"},\"datePublished\":\"2024-08-01T11:05:40+00:00\",\"dateModified\":\"2024-09-11T06:11:34+00:00\",\"breadcrumb\":{\"@id\":\"https:\/\/arteintanks.com\/politica-de-cookies\/#breadcrumb\"},\"inLanguage\":\"en-GB\",\"potentialAction\":[{\"@type\":\"ReadAction\",\"target\":[\"https:\/\/arteintanks.com\/politica-de-cookies\/\"]}]},{\"@type\":\"BreadcrumbList\",\"@id\":\"https:\/\/arteintanks.com\/politica-de-cookies\/#breadcrumb\",\"itemListElement\":[{\"@type\":\"ListItem\",\"position\":1,\"name\":\"Portada\",\"item\":\"https:\/\/arteintanks.com\/\"},{\"@type\":\"ListItem\",\"position\":2,\"name\":\"Pol\u00edtica de cookies\"}]},{\"@type\":\"WebSite\",\"@id\":\"https:\/\/arteintanks.com\/#website\",\"url\":\"https:\/\/arteintanks.com\/\",\"name\":\"Artein\",\"description\":\"\",\"publisher\":{\"@id\":\"https:\/\/arteintanks.com\/#organization\"},\"potentialAction\":[{\"@type\":\"SearchAction\",\"target\":{\"@type\":\"EntryPoint\",\"urlTemplate\":\"https:\/\/arteintanks.com\/?s={search_term_string}\"},\"query-input\":{\"@type\":\"PropertyValueSpecification\",\"valueRequired\":true,\"valueName\":\"search_term_string\"}}],\"inLanguage\":\"en-GB\"},{\"@type\":\"Organization\",\"@id\":\"https:\/\/arteintanks.com\/#organization\",\"name\":\"Artein\",\"url\":\"https:\/\/arteintanks.com\/\",\"logo\":{\"@type\":\"ImageObject\",\"inLanguage\":\"en-GB\",\"@id\":\"https:\/\/arteintanks.com\/#\/schema\/logo\/image\/\",\"url\":\"https:\/\/arteintanks.com\/wp-content\/uploads\/2022\/09\/logo-web.png\",\"contentUrl\":\"https:\/\/arteintanks.com\/wp-content\/uploads\/2022\/09\/logo-web.png\",\"width\":2806,\"height\":727,\"caption\":\"Artein\"},\"image\":{\"@id\":\"https:\/\/arteintanks.com\/#\/schema\/logo\/image\/\"}}]}<\/script>\r\n<!-- \/ Yoast SEO plugin. -->","yoast_head_json":{"title":"Pol\u00edtica de cookies - Artein","robots":{"index":"index","follow":"follow","max-snippet":"max-snippet:-1","max-image-preview":"max-image-preview:large","max-video-preview":"max-video-preview:-1"},"canonical":"https:\/\/arteintanks.com\/en\/politica-de-cookies\/","og_locale":"en_GB","og_type":"article","og_title":"Pol\u00edtica de cookies - Artein","og_description":"En\u00a0AREAS TECNOLOGICAS E INNOVACION DE ALMACENAMIENTO GRUPO, S.L.\u00a0utilizamos cookies en nuestro sitio web\u00a0www.arteintanks.com\u00a0para mejorar la experiencia del usuario y ofrecer servicios personalizados. A continuaci\u00f3n, te explicamos qu\u00e9 son las cookies, qu\u00e9 tipo de cookies utilizamos y c\u00f3mo puedes configurarlas o desactivarlas. \u00b7 Cookies t\u00e9cnicas:\u00a0Son esenciales para que el sitio web funcione correctamente. Permiten la navegaci\u00f3n...","og_url":"https:\/\/arteintanks.com\/en\/politica-de-cookies\/","og_site_name":"Artein","article_modified_time":"2024-09-11T06:11:34+00:00","twitter_card":"summary_large_image","twitter_misc":{"Estimated reading time":"3 minutes"},"schema":{"@context":"https:\/\/schema.org","@graph":[{"@type":"WebPage","@id":"https:\/\/arteintanks.com\/politica-de-cookies\/","url":"https:\/\/arteintanks.com\/politica-de-cookies\/","name":"Pol\u00edtica de cookies - Artein","isPartOf":{"@id":"https:\/\/arteintanks.com\/#website"},"datePublished":"2024-08-01T11:05:40+00:00","dateModified":"2024-09-11T06:11:34+00:00","breadcrumb":{"@id":"https:\/\/arteintanks.com\/politica-de-cookies\/#breadcrumb"},"inLanguage":"en-GB","potentialAction":[{"@type":"ReadAction","target":["https:\/\/arteintanks.com\/politica-de-cookies\/"]}]},{"@type":"BreadcrumbList","@id":"https:\/\/arteintanks.com\/politica-de-cookies\/#breadcrumb","itemListElement":[{"@type":"ListItem","position":1,"name":"Portada","item":"https:\/\/arteintanks.com\/"},{"@type":"ListItem","position":2,"name":"Pol\u00edtica de cookies"}]},{"@type":"WebSite","@id":"https:\/\/arteintanks.com\/#website","url":"https:\/\/arteintanks.com\/","name":"Artein","description":"","publisher":{"@id":"https:\/\/arteintanks.com\/#organization"},"potentialAction":[{"@type":"SearchAction","target":{"@type":"EntryPoint","urlTemplate":"https:\/\/arteintanks.com\/?s={search_term_string}"},"query-input":{"@type":"PropertyValueSpecification","valueRequired":true,"valueName":"search_term_string"}}],"inLanguage":"en-GB"},{"@type":"Organization","@id":"https:\/\/arteintanks.com\/#organization","name":"Artein","url":"https:\/\/arteintanks.com\/","logo":{"@type":"ImageObject","inLanguage":"en-GB","@id":"https:\/\/arteintanks.com\/#\/schema\/logo\/image\/","url":"https:\/\/arteintanks.com\/wp-content\/uploads\/2022\/09\/logo-web.png","contentUrl":"https:\/\/arteintanks.com\/wp-content\/uploads\/2022\/09\/logo-web.png","width":2806,"height":727,"caption":"Artein"},"image":{"@id":"https:\/\/arteintanks.com\/#\/schema\/logo\/image\/"}}]}},"_links":{"self":[{"href":"https:\/\/arteintanks.com\/en\/wp-json\/wp\/v2\/pages\/988343","targetHints":{"allow":["GET"]}}],"collection":[{"href":"https:\/\/arteintanks.com\/en\/wp-json\/wp\/v2\/pages"}],"about":[{"href":"https:\/\/arteintanks.com\/en\/wp-json\/wp\/v2\/types\/page"}],"author":[{"embeddable":true,"href":"https:\/\/arteintanks.com\/en\/wp-json\/wp\/v2\/users\/1"}],"replies":[{"embeddable":true,"href":"https:\/\/arteintanks.com\/en\/wp-json\/wp\/v2\/comments?post=988343"}],"version-history":[{"count":8,"href":"https:\/\/arteintanks.com\/en\/wp-json\/wp\/v2\/pages\/988343\/revisions"}],"predecessor-version":[{"id":988795,"href":"https:\/\/arteintanks.com\/en\/wp-json\/wp\/v2\/pages\/988343\/revisions\/988795"}],"wp:attachment":[{"href":"https:\/\/arteintanks.com\/en\/wp-json\/wp\/v2\/media?parent=988343"}],"curies":[{"name":"wp","href":"https:\/\/api.w.org\/{rel}","templated":true}]}}