{"id":988870,"date":"2024-09-13T11:08:21","date_gmt":"2024-09-13T09:08:21","guid":{"rendered":"https:\/\/artein-ingenieria.com\/?page_id=988870"},"modified":"2024-09-13T12:05:13","modified_gmt":"2024-09-13T10:05:13","slug":"artein-grupo-estaremos-en-el-salon-del-gas-renovable","status":"publish","type":"page","link":"https:\/\/arteintanks.com\/en\/artein-grupo-estaremos-en-el-salon-del-gas-renovable\/","title":{"rendered":"ARTEIN Grupo estaremos en el Sal\u00f3n del Gas Renovable"},"content":{"rendered":"<div data-elementor-type=\"wp-page\" data-elementor-id=\"988870\" class=\"elementor elementor-988870\" data-elementor-post-type=\"page\">\r\n\t\t\t\t<div class=\"elementor-element elementor-element-914dbda e-flex e-con-boxed e-con e-parent\" data-id=\"914dbda\" data-element_type=\"container\">\r\n\t\t\t\t\t<div class=\"e-con-inner\">\r\n\t\t\t\t<div class=\"elementor-element elementor-element-e70a355 elementor-widget elementor-widget-text-editor\" data-id=\"e70a355\" data-element_type=\"widget\" data-widget_type=\"text-editor.default\">\r\n\t\t\t\t<div class=\"elementor-widget-container\">\r\n\t\t\t\t\t\t\t\t\t<p><\/p>\n<figure class=\"wp-block-image size-large\"><img fetchpriority=\"high\" decoding=\"async\" width=\"1024\" height=\"379\" class=\"wp-image-988871\" src=\"https:\/\/arteintanks.com\/wp-content\/uploads\/2024\/09\/CABECERA-FACE-1024x379.jpg\" alt=\"\" srcset=\"https:\/\/arteintanks.com\/wp-content\/uploads\/2024\/09\/CABECERA-FACE-1024x379.jpg 1024w, https:\/\/arteintanks.com\/wp-content\/uploads\/2024\/09\/CABECERA-FACE-300x111.jpg 300w, https:\/\/arteintanks.com\/wp-content\/uploads\/2024\/09\/CABECERA-FACE-768x284.jpg 768w, https:\/\/arteintanks.com\/wp-content\/uploads\/2024\/09\/CABECERA-FACE-1536x569.jpg 1536w, https:\/\/arteintanks.com\/wp-content\/uploads\/2024\/09\/CABECERA-FACE-2048x758.jpg 2048w, https:\/\/arteintanks.com\/wp-content\/uploads\/2024\/09\/CABECERA-FACE-18x7.jpg 18w\" sizes=\"(max-width: 1024px) 100vw, 1024px\" \/><\/figure>\n<p><\/p>\n<p><\/p>\n<p>\u00a0<\/p>\n<p>Nos complace anunciar la participaci\u00f3n de ARTEIN Grupo en el Sal\u00f3n del Gas Renovable los d\u00edas 1 y 2 de octubre.<\/p>\n<p>Estaremos en el Pabell\u00f3n 2, stand 238B, presentando nuestra innovadora tecnolog\u00eda de tanques de almacenamiento y nuestras soluciones completas para plantas de biog\u00e1s.<\/p>\n<p>Invitamos a todos nuestros clientes y socios a visitarnos para conocer de cerca c\u00f3mo podemos ayudarles a optimizar sus proyectos energ\u00e9ticos.<\/p>\n<p><\/p>\n<p><\/p>\n<p>\u00a1No se lo pierdan!<\/p>\n<p><\/p>\n<p><\/p>\n<p>Lugar: Feria de Valladolid, Av. Ram\u00f3n Pradera, 3, 47009 Valladolid<br \/>Fecha: 1 y 2 de octubre.<\/p>\n<p><\/p>\n<p><\/p>\n<p>Contacte con nosotros para reservar un encuentro en nuestro stand.<\/p>\n<p><\/p>\n<p><\/p>\n<div class=\"wp-block-buttons is-content-justification-center is-layout-flex wp-container-core-buttons-is-layout-16018d1d wp-block-buttons-is-layout-flex\">\n<p><\/p>\n<div class=\"wp-block-button\"><a class=\"wp-block-button__link has-background wp-element-button\" style=\"background-color: #63a8d2;\" href=\"https:\/\/arteintanks.com\/en\/contacto\/\" target=\"_blank\" rel=\"noopener\">Contactar con nosotros<\/a><\/div>\n<p><\/p>\n<\/div>\n<p><\/p>\n<p><\/p>\n<p>\u00a0<\/p>\n<hr \/>\n<p>\u00a0<\/p>\n<p>We are excited to announce ARTEIN Grupo&#8217;s participation in the Renewable Gas Fair on October 1st and 2nd!<\/p>\n<p>We will be at Hall 2, stand 238B, showcasing our innovative storage tank technology and complete solutions for biogas plants.<\/p>\n<p>We invite all our clients and partners to visit us and learn how we can help optimize your energy projects. Don\u2019t miss it!<\/p>\n<p>Location: Feria de Valladolid, Av. Ram\u00f3n Pradera, 3, 47009 Valladolid<br \/>Date: October 1st-2nd<\/p>\n<p><\/p>\n<p><\/p>\n<p>Please, contact us to book a meeting.<\/p>\n<p><\/p>\n<p><\/p>\n<div class=\"wp-block-buttons is-content-justification-center is-layout-flex wp-container-core-buttons-is-layout-16018d1d wp-block-buttons-is-layout-flex\">\n<p><\/p>\n<div class=\"wp-block-button\"><a class=\"wp-block-button__link has-background wp-element-button\" style=\"background-color: #63a8d2;\" href=\"https:\/\/arteintanks.com\/en\/contacto\/\" target=\"_blank\" rel=\"noopener\">Contact us<\/a><\/div>\n<\/div>\n<div class=\"wp-block-buttons\"><br \/>\n<div>\u00a0<\/div>\n<div><hr \/><\/div>\n<div>\u00a0<\/div>\n<div>\u00a0<\/div>\n<div>\u00a0<\/div>\n<div>\u00a0<\/div>\n<\/div>\n<p><iframe title=\"Artein Grupo en el Sal\u00f3n del Gas Renovable 2024\" width=\"1280\" height=\"720\" src=\"https:\/\/www.youtube.com\/embed\/i5kmOxmCwD8?feature=oembed\" frameborder=\"0\" allow=\"accelerometer; autoplay; clipboard-write; encrypted-media; gyroscope; picture-in-picture; web-share\" referrerpolicy=\"strict-origin-when-cross-origin\" allowfullscreen><\/iframe><\/p>\n<p><\/p>\t\t\t\t\t\t\t\t<\/div>\r\n\t\t\t\t<\/div>\r\n\t\t\t\t\t<\/div>\r\n\t\t\t\t<\/div>\r\n\t\t\t\t<\/div>","protected":false},"excerpt":{"rendered":"<p>\u00a0 Nos complace anunciar la participaci\u00f3n de ARTEIN Grupo en el Sal\u00f3n del Gas Renovable los d\u00edas 1 y 2 de octubre. Estaremos en el Pabell\u00f3n 2, stand 238B, presentando nuestra innovadora tecnolog\u00eda de tanques de almacenamiento y nuestras soluciones completas para plantas de biog\u00e1s. Invitamos a todos nuestros clientes y socios a visitarnos para&#8230;<\/p>","protected":false},"author":2,"featured_media":0,"parent":0,"menu_order":0,"comment_status":"closed","ping_status":"closed","template":"","meta":{"_monsterinsights_skip_tracking":false,"_monsterinsights_sitenote_active":false,"_monsterinsights_sitenote_note":"","_monsterinsights_sitenote_category":0,"footnotes":""},"class_list":["post-988870","page","type-page","status-publish","hentry"],"yoast_head":"<!-- This site is optimized with the Yoast SEO plugin v25.3 - https:\/\/yoast.com\/wordpress\/plugins\/seo\/ -->\r\n<title>ARTEIN Grupo estaremos en el Sal\u00f3n del Gas Renovable - Artein<\/title>\r\n<meta name=\"robots\" content=\"index, follow, max-snippet:-1, max-image-preview:large, max-video-preview:-1\" \/>\r\n<link rel=\"canonical\" href=\"https:\/\/arteintanks.com\/en\/artein-grupo-estaremos-en-el-salon-del-gas-renovable\/\" \/>\r\n<meta property=\"og:locale\" content=\"en_GB\" \/>\r\n<meta property=\"og:type\" content=\"article\" \/>\r\n<meta property=\"og:title\" content=\"ARTEIN Grupo estaremos en el Sal\u00f3n del Gas Renovable - Artein\" \/>\r\n<meta property=\"og:description\" content=\"\u00a0 Nos complace anunciar la participaci\u00f3n de ARTEIN Grupo en el Sal\u00f3n del Gas Renovable los d\u00edas 1 y 2 de octubre. Estaremos en el Pabell\u00f3n 2, stand 238B, presentando nuestra innovadora tecnolog\u00eda de tanques de almacenamiento y nuestras soluciones completas para plantas de biog\u00e1s. Invitamos a todos nuestros clientes y socios a visitarnos para...\" \/>\r\n<meta property=\"og:url\" content=\"https:\/\/arteintanks.com\/en\/artein-grupo-estaremos-en-el-salon-del-gas-renovable\/\" \/>\r\n<meta property=\"og:site_name\" content=\"Artein\" \/>\r\n<meta property=\"article:modified_time\" content=\"2024-09-13T10:05:13+00:00\" \/>\r\n<meta property=\"og:image\" content=\"https:\/\/arteintanks.com\/wp-content\/uploads\/2024\/09\/CABECERA-FACE-1024x379.jpg\" \/>\r\n<meta name=\"twitter:card\" content=\"summary_large_image\" \/>\r\n<meta name=\"twitter:label1\" content=\"Estimated reading time\" \/>\n\t<meta name=\"twitter:data1\" content=\"2 minutes\" \/>\r\n<script type=\"application\/ld+json\" class=\"yoast-schema-graph\">{\"@context\":\"https:\/\/schema.org\",\"@graph\":[{\"@type\":\"WebPage\",\"@id\":\"https:\/\/arteintanks.com\/artein-grupo-estaremos-en-el-salon-del-gas-renovable\/\",\"url\":\"https:\/\/arteintanks.com\/artein-grupo-estaremos-en-el-salon-del-gas-renovable\/\",\"name\":\"ARTEIN Grupo estaremos en el Sal\u00f3n del Gas Renovable - Artein\",\"isPartOf\":{\"@id\":\"https:\/\/arteintanks.com\/#website\"},\"primaryImageOfPage\":{\"@id\":\"https:\/\/arteintanks.com\/artein-grupo-estaremos-en-el-salon-del-gas-renovable\/#primaryimage\"},\"image\":{\"@id\":\"https:\/\/arteintanks.com\/artein-grupo-estaremos-en-el-salon-del-gas-renovable\/#primaryimage\"},\"thumbnailUrl\":\"https:\/\/arteintanks.com\/wp-content\/uploads\/2024\/09\/CABECERA-FACE-1024x379.jpg\",\"datePublished\":\"2024-09-13T09:08:21+00:00\",\"dateModified\":\"2024-09-13T10:05:13+00:00\",\"breadcrumb\":{\"@id\":\"https:\/\/arteintanks.com\/artein-grupo-estaremos-en-el-salon-del-gas-renovable\/#breadcrumb\"},\"inLanguage\":\"en-GB\",\"potentialAction\":[{\"@type\":\"ReadAction\",\"target\":[\"https:\/\/arteintanks.com\/artein-grupo-estaremos-en-el-salon-del-gas-renovable\/\"]}]},{\"@type\":\"ImageObject\",\"inLanguage\":\"en-GB\",\"@id\":\"https:\/\/arteintanks.com\/artein-grupo-estaremos-en-el-salon-del-gas-renovable\/#primaryimage\",\"url\":\"https:\/\/arteintanks.com\/wp-content\/uploads\/2024\/09\/CABECERA-FACE-1024x379.jpg\",\"contentUrl\":\"https:\/\/arteintanks.com\/wp-content\/uploads\/2024\/09\/CABECERA-FACE-1024x379.jpg\"},{\"@type\":\"BreadcrumbList\",\"@id\":\"https:\/\/arteintanks.com\/artein-grupo-estaremos-en-el-salon-del-gas-renovable\/#breadcrumb\",\"itemListElement\":[{\"@type\":\"ListItem\",\"position\":1,\"name\":\"Portada\",\"item\":\"https:\/\/arteintanks.com\/\"},{\"@type\":\"ListItem\",\"position\":2,\"name\":\"ARTEIN Grupo estaremos en el Sal\u00f3n del Gas Renovable\"}]},{\"@type\":\"WebSite\",\"@id\":\"https:\/\/arteintanks.com\/#website\",\"url\":\"https:\/\/arteintanks.com\/\",\"name\":\"Artein\",\"description\":\"\",\"publisher\":{\"@id\":\"https:\/\/arteintanks.com\/#organization\"},\"potentialAction\":[{\"@type\":\"SearchAction\",\"target\":{\"@type\":\"EntryPoint\",\"urlTemplate\":\"https:\/\/arteintanks.com\/?s={search_term_string}\"},\"query-input\":{\"@type\":\"PropertyValueSpecification\",\"valueRequired\":true,\"valueName\":\"search_term_string\"}}],\"inLanguage\":\"en-GB\"},{\"@type\":\"Organization\",\"@id\":\"https:\/\/arteintanks.com\/#organization\",\"name\":\"Artein\",\"url\":\"https:\/\/arteintanks.com\/\",\"logo\":{\"@type\":\"ImageObject\",\"inLanguage\":\"en-GB\",\"@id\":\"https:\/\/arteintanks.com\/#\/schema\/logo\/image\/\",\"url\":\"https:\/\/arteintanks.com\/wp-content\/uploads\/2022\/09\/logo-web.png\",\"contentUrl\":\"https:\/\/arteintanks.com\/wp-content\/uploads\/2022\/09\/logo-web.png\",\"width\":2806,\"height\":727,\"caption\":\"Artein\"},\"image\":{\"@id\":\"https:\/\/arteintanks.com\/#\/schema\/logo\/image\/\"}}]}<\/script>\r\n<!-- \/ Yoast SEO plugin. -->","yoast_head_json":{"title":"ARTEIN Grupo estaremos en el Sal\u00f3n del Gas Renovable - Artein","robots":{"index":"index","follow":"follow","max-snippet":"max-snippet:-1","max-image-preview":"max-image-preview:large","max-video-preview":"max-video-preview:-1"},"canonical":"https:\/\/arteintanks.com\/en\/artein-grupo-estaremos-en-el-salon-del-gas-renovable\/","og_locale":"en_GB","og_type":"article","og_title":"ARTEIN Grupo estaremos en el Sal\u00f3n del Gas Renovable - Artein","og_description":"\u00a0 Nos complace anunciar la participaci\u00f3n de ARTEIN Grupo en el Sal\u00f3n del Gas Renovable los d\u00edas 1 y 2 de octubre. Estaremos en el Pabell\u00f3n 2, stand 238B, presentando nuestra innovadora tecnolog\u00eda de tanques de almacenamiento y nuestras soluciones completas para plantas de biog\u00e1s. Invitamos a todos nuestros clientes y socios a visitarnos para...","og_url":"https:\/\/arteintanks.com\/en\/artein-grupo-estaremos-en-el-salon-del-gas-renovable\/","og_site_name":"Artein","article_modified_time":"2024-09-13T10:05:13+00:00","og_image":[{"url":"https:\/\/arteintanks.com\/wp-content\/uploads\/2024\/09\/CABECERA-FACE-1024x379.jpg","type":"","width":"","height":""}],"twitter_card":"summary_large_image","twitter_misc":{"Estimated reading time":"2 minutes"},"schema":{"@context":"https:\/\/schema.org","@graph":[{"@type":"WebPage","@id":"https:\/\/arteintanks.com\/artein-grupo-estaremos-en-el-salon-del-gas-renovable\/","url":"https:\/\/arteintanks.com\/artein-grupo-estaremos-en-el-salon-del-gas-renovable\/","name":"ARTEIN Grupo estaremos en el Sal\u00f3n del Gas Renovable - Artein","isPartOf":{"@id":"https:\/\/arteintanks.com\/#website"},"primaryImageOfPage":{"@id":"https:\/\/arteintanks.com\/artein-grupo-estaremos-en-el-salon-del-gas-renovable\/#primaryimage"},"image":{"@id":"https:\/\/arteintanks.com\/artein-grupo-estaremos-en-el-salon-del-gas-renovable\/#primaryimage"},"thumbnailUrl":"https:\/\/arteintanks.com\/wp-content\/uploads\/2024\/09\/CABECERA-FACE-1024x379.jpg","datePublished":"2024-09-13T09:08:21+00:00","dateModified":"2024-09-13T10:05:13+00:00","breadcrumb":{"@id":"https:\/\/arteintanks.com\/artein-grupo-estaremos-en-el-salon-del-gas-renovable\/#breadcrumb"},"inLanguage":"en-GB","potentialAction":[{"@type":"ReadAction","target":["https:\/\/arteintanks.com\/artein-grupo-estaremos-en-el-salon-del-gas-renovable\/"]}]},{"@type":"ImageObject","inLanguage":"en-GB","@id":"https:\/\/arteintanks.com\/artein-grupo-estaremos-en-el-salon-del-gas-renovable\/#primaryimage","url":"https:\/\/arteintanks.com\/wp-content\/uploads\/2024\/09\/CABECERA-FACE-1024x379.jpg","contentUrl":"https:\/\/arteintanks.com\/wp-content\/uploads\/2024\/09\/CABECERA-FACE-1024x379.jpg"},{"@type":"BreadcrumbList","@id":"https:\/\/arteintanks.com\/artein-grupo-estaremos-en-el-salon-del-gas-renovable\/#breadcrumb","itemListElement":[{"@type":"ListItem","position":1,"name":"Portada","item":"https:\/\/arteintanks.com\/"},{"@type":"ListItem","position":2,"name":"ARTEIN Grupo estaremos en el Sal\u00f3n del Gas Renovable"}]},{"@type":"WebSite","@id":"https:\/\/arteintanks.com\/#website","url":"https:\/\/arteintanks.com\/","name":"Artein","description":"","publisher":{"@id":"https:\/\/arteintanks.com\/#organization"},"potentialAction":[{"@type":"SearchAction","target":{"@type":"EntryPoint","urlTemplate":"https:\/\/arteintanks.com\/?s={search_term_string}"},"query-input":{"@type":"PropertyValueSpecification","valueRequired":true,"valueName":"search_term_string"}}],"inLanguage":"en-GB"},{"@type":"Organization","@id":"https:\/\/arteintanks.com\/#organization","name":"Artein","url":"https:\/\/arteintanks.com\/","logo":{"@type":"ImageObject","inLanguage":"en-GB","@id":"https:\/\/arteintanks.com\/#\/schema\/logo\/image\/","url":"https:\/\/arteintanks.com\/wp-content\/uploads\/2022\/09\/logo-web.png","contentUrl":"https:\/\/arteintanks.com\/wp-content\/uploads\/2022\/09\/logo-web.png","width":2806,"height":727,"caption":"Artein"},"image":{"@id":"https:\/\/arteintanks.com\/#\/schema\/logo\/image\/"}}]}},"_links":{"self":[{"href":"https:\/\/arteintanks.com\/en\/wp-json\/wp\/v2\/pages\/988870","targetHints":{"allow":["GET"]}}],"collection":[{"href":"https:\/\/arteintanks.com\/en\/wp-json\/wp\/v2\/pages"}],"about":[{"href":"https:\/\/arteintanks.com\/en\/wp-json\/wp\/v2\/types\/page"}],"author":[{"embeddable":true,"href":"https:\/\/arteintanks.com\/en\/wp-json\/wp\/v2\/users\/2"}],"replies":[{"embeddable":true,"href":"https:\/\/arteintanks.com\/en\/wp-json\/wp\/v2\/comments?post=988870"}],"version-history":[{"count":26,"href":"https:\/\/arteintanks.com\/en\/wp-json\/wp\/v2\/pages\/988870\/revisions"}],"predecessor-version":[{"id":988907,"href":"https:\/\/arteintanks.com\/en\/wp-json\/wp\/v2\/pages\/988870\/revisions\/988907"}],"wp:attachment":[{"href":"https:\/\/arteintanks.com\/en\/wp-json\/wp\/v2\/media?parent=988870"}],"curies":[{"name":"wp","href":"https:\/\/api.w.org\/{rel}","templated":true}]}}